{"id":1371,"date":"2015-04-30T23:52:11","date_gmt":"2015-04-30T23:52:11","guid":{"rendered":"http:\/\/eidenbenz-translation.com\/entrer-2\/"},"modified":"2022-07-20T13:02:47","modified_gmt":"2022-07-20T11:02:47","slug":"entrer","status":"publish","type":"page","link":"https:\/\/eidenbenz-translation.com\/de\/","title":{"rendered":"Eidenbenz Translation"},"content":{"rendered":"<p>[et_pb_section fb_built=&#8220;1&#8243; fullwidth=&#8220;on&#8220; _builder_version=&#8220;4.16&#8243; global_colors_info=&#8220;{}&#8220;][et_pb_fullwidth_slider show_arrows=&#8220;off&#8220; show_pagination=&#8220;off&#8220; admin_label=&#8220;Fullwidth Slider Logo&#8220; _builder_version=&#8220;4.16&#8243; global_colors_info=&#8220;{}&#8220;][et_pb_slide use_bg_overlay=&#8220;off&#8220; use_text_overlay=&#8220;off&#8220; admin_title=&#8220;logo&#8220; _builder_version=&#8220;4.16&#8243; background_color=&#8220;rgba(255,156,35,0.84)&#8220; background_image=&#8220;https:\/\/eidenbenz-translation.com\/wordpress_d\/wp-content\/uploads\/2015\/05\/EIT_logo_Blanc.png&#8220; button_on_hover=&#8220;on&#8220; global_colors_info=&#8220;{}&#8220; sticky_transition=&#8220;on&#8220;][\/et_pb_slide][\/et_pb_fullwidth_slider][\/et_pb_section][et_pb_section fb_built=&#8220;1&#8243; inner_shadow=&#8220;on&#8220; _builder_version=&#8220;4.16&#8243; use_background_color_gradient=&#8220;on&#8220; background_color_gradient_stops=&#8220;#ffffff 20%|rgba(56,92,122,0.58) 100%&#8220; background_color_gradient_start=&#8220;#ffffff&#8220; background_color_gradient_start_position=&#8220;20%&#8220; background_color_gradient_end=&#8220;rgba(56,92,122,0.58)&#8220; bottom_divider_style=&#8220;clouds2&#8243; bottom_divider_color=&#8220;#FFFFFF&#8220; bottom_divider_height=&#8220;96px&#8220; bottom_divider_repeat=&#8220;1x&#8220; bottom_divider_flip=&#8220;horizontal&#8220; box_shadow_style=&#8220;preset6&#8243; global_colors_info=&#8220;{}&#8220;][et_pb_row column_structure=&#8220;1_3,1_3,1_3&#8243; module_class=&#8220; et_pb_row_fullwidth&#8220; _builder_version=&#8220;4.16&#8243; width=&#8220;89%&#8220; width_tablet=&#8220;80%&#8220; width_phone=&#8220;80%&#8220; width_last_edited=&#8220;on|desktop&#8220; max_width=&#8220;89%&#8220; max_width_tablet=&#8220;80%&#8220; max_width_phone=&#8220;80%&#8220; max_width_last_edited=&#8220;on|desktop&#8220; module_alignment=&#8220;center&#8220; custom_margin=&#8220;||37px||false|false&#8220; make_fullwidth=&#8220;on&#8220; global_colors_info=&#8220;{}&#8220;][et_pb_column type=&#8220;1_3&#8243; _builder_version=&#8220;4.16&#8243; custom_padding=&#8220;|||&#8220; global_colors_info=&#8220;{}&#8220; custom_padding__hover=&#8220;|||&#8220;][et_pb_blurb title=&#8220;WELCOME&#8220; url=&#8220;https:\/\/eidenbenz-translation.com\/en\/switzerland\/&#8220; admin_label=&#8220;EN&#8220; _builder_version=&#8220;4.16&#8243; header_level=&#8220;h5&#8243; header_font=&#8220;|700||on|||||&#8220; header_text_align=&#8220;center&#8220; header_text_color=&#8220;#385c7a&#8220; header_font_size=&#8220;22&#8243; header_letter_spacing=&#8220;2px&#8220; header_line_height=&#8220;1.2em&#8220; body_text_align=&#8220;center&#8220; body_text_color=&#8220;#385c7a&#8220; body_font_size=&#8220;16&#8243; body_letter_spacing=&#8220;2px&#8220; body_line_height=&#8220;1.6em&#8220; background_color=&#8220;#ffffff&#8220; text_orientation=&#8220;center&#8220; custom_margin=&#8220;20px|20px|20px|20px&#8220; custom_padding=&#8220;20px|20px|20px|20px&#8220; link_option_url=&#8220;https:\/\/eidenbenz-translation.com\/en\/switzerland\/&#8220; border_radii=&#8220;on|15px|15px|15px|15px&#8220; box_shadow_style=&#8220;preset2&#8243; box_shadow_style_image=&#8220;preset1&#8243; global_colors_info=&#8220;{}&#8220;]<\/p>\n<p style=\"text-align: center;\">Do you need help with translation or proofreading?<\/p>\n<p style=\"text-align: center;\"><span style=\"color: #ff9900;\">You&#8217;ve come to the right place!<\/span><\/p>\n<p>[\/et_pb_blurb][\/et_pb_column][et_pb_column type=&#8220;1_3&#8243; _builder_version=&#8220;4.16&#8243; custom_padding=&#8220;|||&#8220; global_colors_info=&#8220;{}&#8220; custom_padding__hover=&#8220;|||&#8220;][et_pb_blurb title=&#8220;BIENVENUE&#8220; url=&#8220;https:\/\/eidenbenz-translation.com\/suisse\/&#8220; admin_label=&#8220;FR&#8220; _builder_version=&#8220;4.16&#8243; header_level=&#8220;h5&#8243; header_font=&#8220;|700||on|||||&#8220; header_text_align=&#8220;center&#8220; header_text_color=&#8220;#385c7a&#8220; header_font_size=&#8220;22&#8243; header_letter_spacing=&#8220;2px&#8220; header_line_height=&#8220;1.2em&#8220; body_text_align=&#8220;center&#8220; body_text_color=&#8220;#385c7a&#8220; body_font_size=&#8220;16&#8243; body_letter_spacing=&#8220;2px&#8220; body_line_height=&#8220;1.6em&#8220; background_color=&#8220;#ffffff&#8220; text_orientation=&#8220;center&#8220; custom_margin=&#8220;20px|20px|20px|20px&#8220; custom_padding=&#8220;20px|20px|20px|20px&#8220; link_option_url=&#8220;https:\/\/eidenbenz-translation.com\/suisse\/&#8220; border_radii=&#8220;on|15px|15px|15px|15px&#8220; box_shadow_style=&#8220;preset2&#8243; box_shadow_style_image=&#8220;preset1&#8243; global_colors_info=&#8220;{}&#8220;]<\/p>\n<p style=\"text-align: center;\">Vous avez besoin d&#8217;aide pour traduire ou corriger vos textes ?<\/p>\n<p style=\"text-align: center;\"><span style=\"color: #ff9900;\">Vous \u00eates \u00e0 la bonne adresse !<\/span><\/p>\n<p>[\/et_pb_blurb][\/et_pb_column][et_pb_column type=&#8220;1_3&#8243; _builder_version=&#8220;4.16&#8243; custom_padding=&#8220;|||&#8220; global_colors_info=&#8220;{}&#8220; custom_padding__hover=&#8220;|||&#8220;][et_pb_blurb title=&#8220;WILLKOMMEN&#8220; url=&#8220;https:\/\/eidenbenz-translation.com\/de\/schweiz\/&#8220; admin_label=&#8220;DE&#8220; _builder_version=&#8220;4.16&#8243; header_level=&#8220;h5&#8243; header_font=&#8220;|700||on|||||&#8220; header_text_align=&#8220;center&#8220; header_text_color=&#8220;#385c7a&#8220; header_font_size=&#8220;22&#8243; header_letter_spacing=&#8220;2px&#8220; header_line_height=&#8220;1.2em&#8220; body_text_align=&#8220;center&#8220; body_text_color=&#8220;#385c7a&#8220; body_font_size=&#8220;16&#8243; body_letter_spacing=&#8220;2px&#8220; body_line_height=&#8220;1.6em&#8220; background_color=&#8220;#ffffff&#8220; text_orientation=&#8220;center&#8220; custom_margin=&#8220;20px|20px|20px|20px&#8220; custom_padding=&#8220;20px|20px|20px|20px&#8220; link_option_url=&#8220;https:\/\/eidenbenz-translation.com\/de\/schweiz\/&#8220; border_radii=&#8220;on|15px|15px|15px|15px&#8220; box_shadow_style=&#8220;preset2&#8243; box_shadow_style_image=&#8220;preset1&#8243; global_colors_info=&#8220;{}&#8220;]<\/p>\n<p style=\"text-align: center;\">Brauchen Sie Hilfe mit der \u00dcbersetzung oder mit dem Korrekturlesen Ihrer Texte?<\/p>\n<p style=\"text-align: center;\"><span style=\"color: #ff9900;\">Dann sind Sie hier richtig!<\/span><\/p>\n<p>[\/et_pb_blurb][\/et_pb_column][\/et_pb_row][\/et_pb_section][et_pb_section fb_built=&#8220;1&#8243; _builder_version=&#8220;4.16&#8243; use_background_color_gradient=&#8220;on&#8220; background_color_gradient_direction=&#8220;175deg&#8220; background_color_gradient_stops=&#8220;rgba(0,0,0,0) 86%|#fcb54b 98%&#8220; background_color_gradient_overlays_image=&#8220;on&#8220; background_color_gradient_start=&#8220;rgba(0,0,0,0)&#8220; background_color_gradient_start_position=&#8220;86%&#8220; background_color_gradient_end=&#8220;#fcb54b&#8220; background_color_gradient_end_position=&#8220;98%&#8220; top_divider_color=&#8220;#fce8c9&#8243; top_divider_height=&#8220;31px&#8220; bottom_divider_style=&#8220;mountains2&#8243; bottom_divider_color=&#8220;rgba(56,92,122,0.8)&#8220; bottom_divider_height=&#8220;46px&#8220; bottom_divider_repeat=&#8220;2x&#8220; locked=&#8220;off&#8220; global_colors_info=&#8220;{}&#8220;][et_pb_row _builder_version=&#8220;4.16&#8243; background_color=&#8220;rgba(0,0,0,0)&#8220; global_colors_info=&#8220;{}&#8220;][et_pb_column type=&#8220;4_4&#8243; _builder_version=&#8220;4.16&#8243; global_colors_info=&#8220;{}&#8220;][et_pb_blurb title=&#8220;Schreibstil und Textfluss im Dienste Ihrer Leserschaft&#8220; image=&#8220;https:\/\/eidenbenz-translation.com\/wordpress_d\/wp-content\/uploads\/2022\/03\/EIT_logo_CMJN_sans_texte_20220304-225&#215;300.png&#8220; alt=&#8220;Logo_no_text&#8220; icon_placement=&#8220;left&#8220; _builder_version=&#8220;4.16&#8243; header_font=&#8220;||||||||&#8220; header_text_color=&#8220;#385c7a&#8220; header_font_size=&#8220;20px&#8220; header_letter_spacing=&#8220;2px&#8220; header_line_height=&#8220;1.7em&#8220; custom_margin=&#8220;-17px||27px||false|false&#8220; locked=&#8220;off&#8220; global_colors_info=&#8220;{}&#8220;][\/et_pb_blurb][et_pb_text _builder_version=&#8220;4.16&#8243; text_text_color=&#8220;rgba(0,0,0,0)&#8220; background_color=&#8220;rgba(0,0,0,0)&#8220; global_colors_info=&#8220;{}&#8220;]ADDICTION TRANSLATION SERVICES[\/et_pb_text][\/et_pb_column][\/et_pb_row][\/et_pb_section]<\/p>\n","protected":false},"excerpt":{"rendered":"<p>Do you need help with translation or proofreading? You&#8217;ve come to the right place!Vous avez besoin d&#8217;aide pour traduire ou corriger vos textes ? Vous \u00eates \u00e0 la bonne adresse !Brauchen Sie Hilfe mit der \u00dcbersetzung oder mit dem Korrekturlesen Ihrer Texte? Dann sind Sie hier richtig!ADDICTION TRANSLATION SERVICES<\/p>\n","protected":false},"author":1,"featured_media":0,"parent":0,"menu_order":0,"comment_status":"closed","ping_status":"closed","template":"page-template-blank.php","meta":{"_et_pb_use_builder":"on","_et_pb_old_content":"","_et_gb_content_width":"","footnotes":""},"class_list":["post-1371","page","type-page","status-publish","hentry"],"_links":{"self":[{"href":"https:\/\/eidenbenz-translation.com\/de\/wp-json\/wp\/v2\/pages\/1371","targetHints":{"allow":["GET"]}}],"collection":[{"href":"https:\/\/eidenbenz-translation.com\/de\/wp-json\/wp\/v2\/pages"}],"about":[{"href":"https:\/\/eidenbenz-translation.com\/de\/wp-json\/wp\/v2\/types\/page"}],"author":[{"embeddable":true,"href":"https:\/\/eidenbenz-translation.com\/de\/wp-json\/wp\/v2\/users\/1"}],"replies":[{"embeddable":true,"href":"https:\/\/eidenbenz-translation.com\/de\/wp-json\/wp\/v2\/comments?post=1371"}],"version-history":[{"count":9,"href":"https:\/\/eidenbenz-translation.com\/de\/wp-json\/wp\/v2\/pages\/1371\/revisions"}],"predecessor-version":[{"id":8332,"href":"https:\/\/eidenbenz-translation.com\/de\/wp-json\/wp\/v2\/pages\/1371\/revisions\/8332"}],"wp:attachment":[{"href":"https:\/\/eidenbenz-translation.com\/de\/wp-json\/wp\/v2\/media?parent=1371"}],"curies":[{"name":"wp","href":"https:\/\/api.w.org\/{rel}","templated":true}]}}