{"id":1396,"date":"2015-04-28T18:35:12","date_gmt":"2015-04-28T18:35:12","guid":{"rendered":"http:\/\/eidenbenz-translation.com\/?page_id=1396"},"modified":"2022-07-20T13:05:58","modified_gmt":"2022-07-20T11:05:58","slug":"schweiz","status":"publish","type":"page","link":"https:\/\/eidenbenz-translation.com\/de\/schweiz\/","title":{"rendered":"WILLKOMMEN"},"content":{"rendered":"<p>[et_pb_section fb_built=&#8220;1&#8243; inner_shadow=&#8220;on&#8220; _builder_version=&#8220;4.16&#8243; use_background_color_gradient=&#8220;on&#8220; background_color_gradient_direction=&#8220;175deg&#8220; background_color_gradient_stops=&#8220;#ffffff 61%|#fcb54b 98%&#8220; background_color_gradient_overlays_image=&#8220;on&#8220; background_color_gradient_start=&#8220;#ffffff&#8220; background_color_gradient_start_position=&#8220;61%&#8220; background_color_gradient_end=&#8220;#fcb54b&#8220; background_color_gradient_end_position=&#8220;98%&#8220; top_divider_color=&#8220;#fce8c9&#8243; top_divider_height=&#8220;31px&#8220; bottom_divider_style=&#8220;mountains2&#8243; bottom_divider_color=&#8220;rgba(56,92,122,0.8)&#8220; bottom_divider_height=&#8220;46px&#8220; bottom_divider_repeat=&#8220;2x&#8220; global_colors_info=&#8220;{}&#8220;][et_pb_row _builder_version=&#8220;4.16&#8243; background_size=&#8220;initial&#8220; background_position=&#8220;top_left&#8220; background_repeat=&#8220;repeat&#8220; global_colors_info=&#8220;{}&#8220;][et_pb_column type=&#8220;4_4&#8243; _builder_version=&#8220;4.16&#8243; custom_padding=&#8220;|||&#8220; global_colors_info=&#8220;{}&#8220; custom_padding__hover=&#8220;|||&#8220;][et_pb_text admin_label=&#8220;Bienvenue&#8220; _builder_version=&#8220;4.16&#8243; text_text_color=&#8220;#000000&#8243; header_text_color=&#8220;#385c7a&#8220; header_2_text_color=&#8220;#385c7a&#8220; header_2_letter_spacing=&#8220;2px&#8220; header_2_line_height=&#8220;2.3em&#8220; header_3_text_color=&#8220;#385c7a&#8220; background_size=&#8220;initial&#8220; background_position=&#8220;top_left&#8220; background_repeat=&#8220;repeat&#8220; global_colors_info=&#8220;{}&#8220;]<\/p>\n<h2 style=\"text-align: center;\">Herzlich Willkommen bei <em>Eidenbenz Translation<\/em><\/h2>\n<h4 style=\"text-align: center;\"><\/h4>\n<p>[\/et_pb_text][et_pb_blurb title=&#8220;Schreibstil und Textfluss im Dienste Ihrer Leserschaft&#8220; image=&#8220;https:\/\/eidenbenz-translation.com\/wordpress_d\/wp-content\/uploads\/2022\/03\/EIT_logo_CMJN_sans_texte_20220304-225&#215;300.png&#8220; alt=&#8220;Logo_no_text&#8220; icon_placement=&#8220;left&#8220; _builder_version=&#8220;4.16&#8243; header_font=&#8220;||||||||&#8220; header_text_align=&#8220;left&#8220; header_text_color=&#8220;#385c7a&#8220; header_font_size=&#8220;20px&#8220; header_letter_spacing=&#8220;2px&#8220; header_line_height=&#8220;1.7em&#8220; custom_margin=&#8220;-4px||0px||false|false&#8220; locked=&#8220;off&#8220; global_colors_info=&#8220;{}&#8220;][\/et_pb_blurb][et_pb_testimonial author=&#8220;Charlotte Eidenbenz&#8220; job_title=&#8220;\u00dcbersetzerin seit 2016&#8243; url_new_window=&#8220;on&#8220; portrait_url=&#8220;https:\/\/eidenbenz-translation.com\/wordpress_d\/wp-content\/uploads\/2015\/07\/Charlotte_Eidenbenz_IMG_1123-copie-e1429797121196-287&#215;300-287&#215;300.jpg&#8220; quote_icon=&#8220;off&#8220; portrait_height=&#8220;99&#8243; admin_label=&#8220;Charlotte&#8220; _builder_version=&#8220;4.16&#8243; body_font=&#8220;Bitter||||||||&#8220; body_text_align=&#8220;left&#8220; author_letter_spacing=&#8220;3px&#8220; author_line_height=&#8220;2.5em&#8220; position_letter_spacing=&#8220;2px&#8220; use_background_color=&#8220;off&#8220; link_option_url=&#8220;https:\/\/www.linkedin.com\/in\/ceidenbenz\/&#8220; link_option_url_new_window=&#8220;on&#8220; global_colors_info=&#8220;{}&#8220;][\/et_pb_testimonial][et_pb_text admin_label=&#8220;Lever du jour (row)&#8220; _builder_version=&#8220;4.16&#8243; global_colors_info=&#8220;{}&#8220;][\/et_pb_text][\/et_pb_column][\/et_pb_row][\/et_pb_section][et_pb_section fb_built=&#8220;1&#8243; inner_shadow=&#8220;on&#8220; _builder_version=&#8220;4.16&#8243; use_background_color_gradient=&#8220;on&#8220; background_color_gradient_stops=&#8220;#385c7a 0%|rgba(56,92,122,0.55) 100%&#8220; background_color_gradient_start=&#8220;#385c7a&#8220; background_color_gradient_end=&#8220;rgba(56,92,122,0.55)&#8220; box_shadow_style=&#8220;preset3&#8243; global_colors_info=&#8220;{}&#8220;][et_pb_row _builder_version=&#8220;4.16&#8243; background_size=&#8220;initial&#8220; background_position=&#8220;top_left&#8220; background_repeat=&#8220;repeat&#8220; global_colors_info=&#8220;{}&#8220;][et_pb_column type=&#8220;4_4&#8243; _builder_version=&#8220;4.16&#8243; custom_padding=&#8220;|||&#8220; global_colors_info=&#8220;{}&#8220; custom_padding__hover=&#8220;|||&#8220;][et_pb_text admin_label=&#8220;VALEURS&#8220; _builder_version=&#8220;4.16&#8243; text_text_color=&#8220;#ffffff&#8220; header_text_align=&#8220;center&#8220; header_text_color=&#8220;#385c7a&#8220; header_2_text_color=&#8220;#ffffff&#8220; header_3_text_color=&#8220;#385c7a&#8220; background_size=&#8220;initial&#8220; background_position=&#8220;top_left&#8220; background_repeat=&#8220;repeat&#8220; text_orientation=&#8220;center&#8220; background_layout=&#8220;dark&#8220; global_colors_info=&#8220;{}&#8220;]<\/p>\n<h2 style=\"text-align: center;\">MEINE WERTE<\/h2>\n<p>[\/et_pb_text][\/et_pb_column][\/et_pb_row][\/et_pb_section][et_pb_section fb_built=&#8220;1&#8243; inner_shadow=&#8220;on&#8220; admin_label=&#8220;section&#8220; _builder_version=&#8220;4.16&#8243; top_divider_color=&#8220;rgba(56,92,122,0.56)&#8220; top_divider_height=&#8220;41px&#8220; bottom_divider_style=&#8220;mountains2&#8243; bottom_divider_color=&#8220;rgba(252,232,201,0.38)&#8220; bottom_divider_height=&#8220;496px&#8220; bottom_divider_repeat=&#8220;2x&#8220; bottom_divider_flip=&#8220;horizontal&#8220; global_colors_info=&#8220;{}&#8220;][et_pb_row _builder_version=&#8220;4.16&#8243; background_size=&#8220;initial&#8220; background_position=&#8220;top_left&#8220; background_repeat=&#8220;repeat&#8220; global_colors_info=&#8220;{}&#8220;][et_pb_column type=&#8220;4_4&#8243; _builder_version=&#8220;4.16&#8243; custom_padding=&#8220;|||&#8220; global_colors_info=&#8220;{}&#8220; custom_padding__hover=&#8220;|||&#8220;][et_pb_blurb title=&#8220;Ihr Zufriendenheit ist mein Erfolg&#8220; use_icon=&#8220;on&#8220; font_icon=&#8220;&#x4e;||divi||400&#8243; icon_color=&#8220;#fcae3a&#8220; icon_placement=&#8220;left&#8220; admin_label=&#8220;Satisfaction&#8220; _builder_version=&#8220;4.16&#8243; header_level=&#8220;h3&#8243; header_font=&#8220;||||||||&#8220; header_text_align=&#8220;left&#8220; header_text_color=&#8220;#385c7a&#8220; header_font_size=&#8220;22&#8243; header_letter_spacing=&#8220;2px&#8220; header_line_height=&#8220;2em&#8220; body_font=&#8220;Bitter||||||||&#8220; body_text_color=&#8220;#385c7a&#8220; body_letter_spacing=&#8220;2px&#8220; background_size=&#8220;initial&#8220; background_position=&#8220;top_left&#8220; background_repeat=&#8220;repeat&#8220; text_orientation=&#8220;justified&#8220; animation=&#8220;off&#8220; inline_fonts=&#8220;Lato,Bitter&#8220; global_colors_info=&#8220;{}&#8220;]Im Zentrum meiner Herangehensweise steht die Erf\u00fcllung der Anforderungen Ihres einzigartigen Projekts \u2013 das ist die Basis f\u00fcr meinen Erfolg.[\/et_pb_blurb][et_pb_blurb title=&#8220;Ihre Professionalit\u00e4t in Ehren halten&#8220; use_icon=&#8220;on&#8220; font_icon=&#8220;&#xe0fc;||divi||400&#8243; icon_color=&#8220;#fcae3a&#8220; icon_placement=&#8220;left&#8220; admin_label=&#8220;Votre professionnalisme&#8220; _builder_version=&#8220;4.16&#8243; header_level=&#8220;h3&#8243; header_font=&#8220;||||||||&#8220; header_text_align=&#8220;left&#8220; header_text_color=&#8220;#385c7a&#8220; header_font_size=&#8220;22&#8243; header_letter_spacing=&#8220;2px&#8220; header_line_height=&#8220;2em&#8220; body_font=&#8220;Bitter||||||||&#8220; body_text_color=&#8220;#385c7a&#8220; body_letter_spacing=&#8220;2px&#8220; background_size=&#8220;initial&#8220; background_position=&#8220;top_left&#8220; background_repeat=&#8220;repeat&#8220; text_orientation=&#8220;justified&#8220; animation=&#8220;off&#8220; inline_fonts=&#8220;Bitter&#8220; global_colors_info=&#8220;{}&#8220;]Die Texte der Ausgangssprache, die Sie mir anvertrauen, weisen Ihre Professionalit\u00e4t aus. Prim\u00e4res Ziel meiner Arbeitsweise ist es, Ihre Professionalit\u00e4t in Ehren zu halten. Aus diesem Grund bin ich bestrebt, die kulturellen und sprachlichen Feinheiten der Ausgangssprache, sowie den Grundton, die Informationsstruktur un den \u2013 bisweilen sehr technischen \u2013 Wortschatz der Ausgangssprache zu behalten. Dazu nehme ich manchmal mit den Autoren Kontakt auf, um Ihre Absichten besser zu verstehen.[\/et_pb_blurb][et_pb_blurb title=&#8220;Ihre st\u00e4ndige Ansprechpartnerin&#8220; use_icon=&#8220;on&#8220; font_icon=&#8220;&#x77;||divi||400&#8243; icon_color=&#8220;#fcae3a&#8220; icon_placement=&#8220;left&#8220; admin_label=&#8220;Votre interlocutrice attitr\u00e9e&#8220; _builder_version=&#8220;4.16&#8243; header_level=&#8220;h3&#8243; header_font=&#8220;||||||||&#8220; header_text_align=&#8220;justify&#8220; header_text_color=&#8220;#385c7a&#8220; header_font_size=&#8220;22&#8243; header_letter_spacing=&#8220;2px&#8220; header_line_height=&#8220;2em&#8220; body_font=&#8220;Bitter||||||||&#8220; body_text_color=&#8220;#385c7a&#8220; body_letter_spacing=&#8220;2px&#8220; background_size=&#8220;initial&#8220; background_position=&#8220;top_left&#8220; background_repeat=&#8220;repeat&#8220; text_orientation=&#8220;justified&#8220; animation=&#8220;off&#8220; inline_fonts=&#8220;Bitter&#8220; global_colors_info=&#8220;{}&#8220;]\u00dcber unsere gesamte Zusammenarbeit hinweg bin ich Ihre einzige Ansprechpartnerin. Sie wissen jederzeit, mit wem Sie es zu tun haben und k\u00f6nnen sich daher auf meine Dienstleistungen verlassen, die immer dieselbe Qualit\u00e4t haben.[\/et_pb_blurb][et_pb_blurb title=&#8220;Eine Sache des Vertrauens&#8220; use_icon=&#8220;on&#8220; font_icon=&#8220;&#x6c;||divi||400&#8243; icon_color=&#8220;#fcae3a&#8220; icon_placement=&#8220;left&#8220; admin_label=&#8220;Confiance&#8220; _builder_version=&#8220;4.16&#8243; header_level=&#8220;h3&#8243; header_font=&#8220;||||||||&#8220; header_text_align=&#8220;justify&#8220; header_text_color=&#8220;#385c7a&#8220; header_font_size=&#8220;22&#8243; header_letter_spacing=&#8220;2px&#8220; header_line_height=&#8220;2em&#8220; body_font=&#8220;Bitter||||||||&#8220; body_text_color=&#8220;#385c7a&#8220; body_letter_spacing=&#8220;2px&#8220; background_size=&#8220;initial&#8220; background_position=&#8220;top_left&#8220; background_repeat=&#8220;repeat&#8220; text_orientation=&#8220;justified&#8220; animation=&#8220;off&#8220; global_colors_info=&#8220;{}&#8220;]Gegenseitiges Vertrauen ist die Grundlage unserer Zusammenarbeit. Sie m\u00f6chten sich selbst von der Qualit\u00e4t meiner Leistungen \u00fcberzeugen? Dann fertige ich Ihnen auf Anfrage gern eine kurze \u00dcbersetzungs- oder Korrektoratsprobe an.<br \/>\n[\/et_pb_blurb][\/et_pb_column][\/et_pb_row][\/et_pb_section][et_pb_section fb_built=&#8220;1&#8243; inner_shadow=&#8220;on&#8220; _builder_version=&#8220;4.16&#8243; use_background_color_gradient=&#8220;on&#8220; background_color_gradient_direction=&#8220;175deg&#8220; background_color_gradient_stops=&#8220;#ffffff 82%|#fcb54b 100%&#8220; background_color_gradient_overlays_image=&#8220;on&#8220; background_color_gradient_start=&#8220;#ffffff&#8220; background_color_gradient_start_position=&#8220;82%&#8220; background_color_gradient_end=&#8220;#fcb54b&#8220; top_divider_style=&#8220;curve&#8220; top_divider_color=&#8220;rgba(252,232,201,0.38)&#8220; top_divider_height=&#8220;89px&#8220; bottom_divider_style=&#8220;mountains2&#8243; bottom_divider_color=&#8220;rgba(56,92,122,0.8)&#8220; bottom_divider_height=&#8220;46px&#8220; bottom_divider_repeat=&#8220;2x&#8220; global_colors_info=&#8220;{}&#8220;][et_pb_row _builder_version=&#8220;4.16&#8243; background_size=&#8220;initial&#8220; background_position=&#8220;top_left&#8220; background_repeat=&#8220;repeat&#8220; global_colors_info=&#8220;{}&#8220;][et_pb_column type=&#8220;4_4&#8243; _builder_version=&#8220;4.16&#8243; custom_padding=&#8220;|||&#8220; global_colors_info=&#8220;{}&#8220; custom_padding__hover=&#8220;|||&#8220;][et_pb_divider color=&#8220;rgba(255,255,255,0.38)&#8220; _builder_version=&#8220;4.16&#8243; global_colors_info=&#8220;{}&#8220;][\/et_pb_divider][et_pb_blurb title=&#8220;An Ihrer Seite bis zum letzten Wort&#8220; use_icon=&#8220;on&#8220; font_icon=&#8220;&#xe08b;||divi||400&#8243; icon_color=&#8220;#fcae3a&#8220; image_icon_width=&#8220;79px&#8220; admin_label=&#8220;\u00c0 vos c\u00f4t\u00e9s&#8220; _builder_version=&#8220;4.16&#8243; header_level=&#8220;h3&#8243; header_text_align=&#8220;center&#8220; header_text_color=&#8220;#385c7a&#8220; header_line_height=&#8220;2em&#8220; body_text_color=&#8220;#385c7a&#8220; body_letter_spacing=&#8220;2px&#8220; background_size=&#8220;initial&#8220; background_position=&#8220;top_left&#8220; background_repeat=&#8220;repeat&#8220; text_orientation=&#8220;center&#8220; max_width_tablet=&#8220;50px&#8220; animation=&#8220;off&#8220; icon_font_size=&#8220;79px&#8220; global_colors_info=&#8220;{}&#8220;]Meine Arbeit endet erst, wenn der erwartete Erfolg erzielt ist. Wenn Sie eine \u00dcbersetzung oder ein Korrektorat von Textteilen ben\u00f6tigen, die ge\u00e4ndert oder einer bereits \u00fcbersetzten oder korrigierten Ursprungsversion hinzugef\u00fcgt wurden, ko\u00f6nnen Sie auf meinen Einsatz z\u00e4hlen.[\/et_pb_blurb][et_pb_cta button_url=&#8220;https:\/\/eidenbenz-translation.com\/de\/dienstleistungen\/&#8220; button_text=&#8220;Meine \u00dcbersetzungsdientsleistungen&#8220; admin_label=&#8220;Services&#8220; _builder_version=&#8220;4.16&#8243; header_level=&#8220;h1&#8243; header_text_color=&#8220;#385c7a&#8220; use_background_color=&#8220;off&#8220; background_size=&#8220;initial&#8220; background_position=&#8220;top_left&#8220; background_repeat=&#8220;repeat&#8220; background_layout=&#8220;light&#8220; use_border_color=&#8220;off&#8220; global_colors_info=&#8220;{}&#8220; button_text_size__hover_enabled=&#8220;off&#8220; button_text_size__hover=&#8220;null&#8220; button_one_text_size__hover_enabled=&#8220;off&#8220; button_one_text_size__hover=&#8220;null&#8220; button_two_text_size__hover_enabled=&#8220;off&#8220; button_two_text_size__hover=&#8220;null&#8220; button_text_color__hover_enabled=&#8220;off&#8220; button_text_color__hover=&#8220;null&#8220; button_one_text_color__hover_enabled=&#8220;off&#8220; button_one_text_color__hover=&#8220;null&#8220; button_two_text_color__hover_enabled=&#8220;off&#8220; button_two_text_color__hover=&#8220;null&#8220; button_border_width__hover_enabled=&#8220;off&#8220; button_border_width__hover=&#8220;null&#8220; button_one_border_width__hover_enabled=&#8220;off&#8220; button_one_border_width__hover=&#8220;null&#8220; button_two_border_width__hover_enabled=&#8220;off&#8220; button_two_border_width__hover=&#8220;null&#8220; button_border_color__hover_enabled=&#8220;off&#8220; button_border_color__hover=&#8220;null&#8220; button_one_border_color__hover_enabled=&#8220;off&#8220; button_one_border_color__hover=&#8220;null&#8220; button_two_border_color__hover_enabled=&#8220;off&#8220; button_two_border_color__hover=&#8220;null&#8220; button_border_radius__hover_enabled=&#8220;off&#8220; button_border_radius__hover=&#8220;null&#8220; button_one_border_radius__hover_enabled=&#8220;off&#8220; button_one_border_radius__hover=&#8220;null&#8220; button_two_border_radius__hover_enabled=&#8220;off&#8220; button_two_border_radius__hover=&#8220;null&#8220; button_letter_spacing__hover_enabled=&#8220;on&#8220; button_letter_spacing__hover=&#8220;0&#8243; button_one_letter_spacing__hover_enabled=&#8220;off&#8220; button_one_letter_spacing__hover=&#8220;null&#8220; button_two_letter_spacing__hover_enabled=&#8220;off&#8220; button_two_letter_spacing__hover=&#8220;null&#8220; button_bg_color__hover_enabled=&#8220;off&#8220; button_bg_color__hover=&#8220;null&#8220; button_one_bg_color__hover_enabled=&#8220;off&#8220; button_one_bg_color__hover=&#8220;null&#8220; button_two_bg_color__hover_enabled=&#8220;off&#8220; button_two_bg_color__hover=&#8220;null&#8220;][\/et_pb_cta][et_pb_divider color=&#8220;rgba(255,255,255,0.38)&#8220; _builder_version=&#8220;4.16&#8243; global_colors_info=&#8220;{}&#8220;][\/et_pb_divider][\/et_pb_column][\/et_pb_row][\/et_pb_section][et_pb_section fb_built=&#8220;1&#8243; inner_shadow=&#8220;on&#8220; _builder_version=&#8220;4.16&#8243; use_background_color_gradient=&#8220;on&#8220; background_color_gradient_stops=&#8220;#385c7a 0%|rgba(56,92,122,0.55) 100%&#8220; background_color_gradient_start=&#8220;#385c7a&#8220; background_color_gradient_end=&#8220;rgba(56,92,122,0.55)&#8220; box_shadow_style=&#8220;preset3&#8243; global_colors_info=&#8220;{}&#8220;][et_pb_row _builder_version=&#8220;4.16&#8243; background_size=&#8220;initial&#8220; background_position=&#8220;top_left&#8220; background_repeat=&#8220;repeat&#8220; global_colors_info=&#8220;{}&#8220;][et_pb_column type=&#8220;4_4&#8243; _builder_version=&#8220;4.16&#8243; custom_padding=&#8220;|||&#8220; global_colors_info=&#8220;{}&#8220; custom_padding__hover=&#8220;|||&#8220;][et_pb_cta title=&#8220;Das sagen meine Kunden&#8220; button_url=&#8220;https:\/\/eidenbenz-translation.com\/de\/bewertungen\/&#8220; button_text=&#8220;Kundenbewertungen&#8220; admin_label=&#8220;T\u00e9moignages de mes clients&#8220; _builder_version=&#8220;4.16&#8243; use_background_color=&#8220;off&#8220; custom_button=&#8220;on&#8220; button_text_color=&#8220;#fcddae&#8220; button_on_hover=&#8220;off&#8220; global_colors_info=&#8220;{}&#8220;][\/et_pb_cta][\/et_pb_column][\/et_pb_row][\/et_pb_section]<\/p>\n","protected":false},"excerpt":{"rendered":"<p>Herzlich Willkommen bei Eidenbenz Translation MEINE WERTE Im Zentrum meiner Herangehensweise steht die Erf\u00fcllung der Anforderungen Ihres einzigartigen Projekts \u2013 das ist die Basis f\u00fcr meinen Erfolg.Die Texte der Ausgangssprache, die Sie mir anvertrauen, weisen Ihre Professionalit\u00e4t aus. Prim\u00e4res Ziel meiner Arbeitsweise ist es, Ihre Professionalit\u00e4t in Ehren zu halten. Aus diesem Grund bin ich [&hellip;]<\/p>\n","protected":false},"author":1,"featured_media":0,"parent":0,"menu_order":0,"comment_status":"closed","ping_status":"closed","template":"","meta":{"_et_pb_use_builder":"on","_et_pb_old_content":"","_et_gb_content_width":"","footnotes":""},"class_list":["post-1396","page","type-page","status-publish","hentry"],"_links":{"self":[{"href":"https:\/\/eidenbenz-translation.com\/de\/wp-json\/wp\/v2\/pages\/1396","targetHints":{"allow":["GET"]}}],"collection":[{"href":"https:\/\/eidenbenz-translation.com\/de\/wp-json\/wp\/v2\/pages"}],"about":[{"href":"https:\/\/eidenbenz-translation.com\/de\/wp-json\/wp\/v2\/types\/page"}],"author":[{"embeddable":true,"href":"https:\/\/eidenbenz-translation.com\/de\/wp-json\/wp\/v2\/users\/1"}],"replies":[{"embeddable":true,"href":"https:\/\/eidenbenz-translation.com\/de\/wp-json\/wp\/v2\/comments?post=1396"}],"version-history":[{"count":8,"href":"https:\/\/eidenbenz-translation.com\/de\/wp-json\/wp\/v2\/pages\/1396\/revisions"}],"predecessor-version":[{"id":8335,"href":"https:\/\/eidenbenz-translation.com\/de\/wp-json\/wp\/v2\/pages\/1396\/revisions\/8335"}],"wp:attachment":[{"href":"https:\/\/eidenbenz-translation.com\/de\/wp-json\/wp\/v2\/media?parent=1396"}],"curies":[{"name":"wp","href":"https:\/\/api.w.org\/{rel}","templated":true}]}}