{"id":1406,"date":"2015-04-28T23:41:25","date_gmt":"2015-04-28T23:41:25","guid":{"rendered":"http:\/\/eidenbenz-translation.com\/?page_id=1406"},"modified":"2022-07-20T13:07:06","modified_gmt":"2022-07-20T11:07:06","slug":"werdegang","status":"publish","type":"page","link":"https:\/\/eidenbenz-translation.com\/de\/werdegang\/","title":{"rendered":"MEIN WERDEGANG"},"content":{"rendered":"<p>[et_pb_section fb_built=&#8220;1&#8243; inner_shadow=&#8220;on&#8220; _builder_version=&#8220;4.16&#8243; use_background_color_gradient=&#8220;on&#8220; background_color_gradient_direction=&#8220;185deg&#8220; background_color_gradient_stops=&#8220;#385c7a 0%|#ffffff 100%&#8220; background_color_gradient_start=&#8220;#385c7a&#8220; background_color_gradient_end=&#8220;#ffffff&#8220; custom_margin=&#8220;||-4px||false|false&#8220; custom_padding=&#8220;30px||||false|false&#8220; bottom_divider_style=&#8220;clouds2&#8243; bottom_divider_color=&#8220;#ffffff&#8220; bottom_divider_height=&#8220;81px&#8220; bottom_divider_flip=&#8220;horizontal&#8220; locked=&#8220;off&#8220; global_colors_info=&#8220;{}&#8220;][et_pb_row _builder_version=&#8220;4.16&#8243; background_color=&#8220;rgba(0,0,0,0)&#8220; global_colors_info=&#8220;{}&#8220;][et_pb_column type=&#8220;4_4&#8243; _builder_version=&#8220;4.16&#8243; global_colors_info=&#8220;{}&#8220;][et_pb_text _builder_version=&#8220;4.16&#8243; text_text_color=&#8220;rgba(0,0,0,0)&#8220; background_color=&#8220;rgba(0,0,0,0)&#8220; global_colors_info=&#8220;{}&#8220;]ADDICTION TRANSLATION SERVICES[\/et_pb_text][\/et_pb_column][\/et_pb_row][\/et_pb_section][et_pb_section fb_built=&#8220;1&#8243; inner_shadow=&#8220;on&#8220; _builder_version=&#8220;4.16&#8243; use_background_color_gradient=&#8220;on&#8220; background_color_gradient_direction=&#8220;175deg&#8220; background_color_gradient_stops=&#8220;rgba(0,0,0,0) 93%|#fcb54b 100%&#8220; background_color_gradient_overlays_image=&#8220;on&#8220; background_color_gradient_start=&#8220;rgba(0,0,0,0)&#8220; background_color_gradient_start_position=&#8220;93%&#8220; background_color_gradient_end=&#8220;#fcb54b&#8220; top_divider_color=&#8220;#fce8c9&#8243; top_divider_height=&#8220;31px&#8220; bottom_divider_style=&#8220;mountains2&#8243; bottom_divider_color=&#8220;rgba(56,92,122,0.8)&#8220; bottom_divider_height=&#8220;46px&#8220; bottom_divider_repeat=&#8220;2x&#8220; locked=&#8220;off&#8220; global_colors_info=&#8220;{}&#8220;][et_pb_row column_structure=&#8220;1_2,1_2&#8243; _builder_version=&#8220;4.16&#8243; _module_preset=&#8220;default&#8220; global_colors_info=&#8220;{}&#8220;][et_pb_column type=&#8220;1_2&#8243; _builder_version=&#8220;4.16&#8243; _module_preset=&#8220;default&#8220; global_colors_info=&#8220;{}&#8220;][et_pb_image src=&#8220;https:\/\/eidenbenz-translation.com\/wordpress_d\/wp-content\/uploads\/2015\/07\/Charlotte_Eidenbenz_IMG_1123-e1429797190709-200&#215;300.jpg&#8220; show_in_lightbox=&#8220;on&#8220; align=&#8220;center&#8220; align_tablet=&#8220;center&#8220; align_phone=&#8220;&#8220; align_last_edited=&#8220;on|desktop&#8220; admin_label=&#8220;Portrait&#8220; _builder_version=&#8220;4.16&#8243; max_width=&#8220;40%&#8220; module_alignment=&#8220;center&#8220; border_radii=&#8220;on|50px|50px|50px|50px&#8220; global_colors_info=&#8220;{}&#8220;]<br \/>\n[\/et_pb_image][\/et_pb_column][et_pb_column type=&#8220;1_2&#8243; _builder_version=&#8220;4.16&#8243; _module_preset=&#8220;default&#8220; global_colors_info=&#8220;{}&#8220;][et_pb_text _builder_version=&#8220;4.16&#8243; text_text_color=&#8220;#385c7a&#8220; text_font_size=&#8220;34px&#8220; text_letter_spacing=&#8220;2px&#8220; text_line_height=&#8220;2em&#8220; header_font=&#8220;|600|||||||&#8220; header_text_align=&#8220;center&#8220; header_text_color=&#8220;#385c7a&#8220; header_font_size=&#8220;29px&#8220; header_letter_spacing=&#8220;2px&#8220; header_line_height=&#8220;2.3em&#8220; header_5_font=&#8220;|600||on|||||&#8220; header_5_text_color=&#8220;#fcae3a&#8220; header_5_font_size=&#8220;15px&#8220; header_5_line_height=&#8220;1.8em&#8220; text_orientation=&#8220;center&#8220; custom_padding=&#8220;||0px||false|false&#8220; locked=&#8220;off&#8220; global_colors_info=&#8220;{}&#8220;]<\/p>\n<h1><\/h1>\n<h1><\/h1>\n<h1><\/h1>\n<h1><\/h1>\n<h1>Charlotte Eidenbenz<\/h1>\n<h5>\u00dcBERSETZERIN SEIT JANUAR 2016<\/h5>\n<p>*\u00a0 \u00a0*\u00a0 \u00a0*<\/p>\n<p>[\/et_pb_text][et_pb_social_media_follow _builder_version=&#8220;4.16&#8243; _module_preset=&#8220;default&#8220; text_orientation=&#8220;center&#8220; custom_margin=&#8220;-54px||||false|false&#8220; global_colors_info=&#8220;{}&#8220;][et_pb_social_media_follow_network social_network=&#8220;linkedin&#8220; url=&#8220;https:\/\/www.linkedin.com\/in\/ceidenbenz\/&#8220; use_icon_font_size=&#8220;on&#8220; icon_font_size=&#8220;18px&#8220; _builder_version=&#8220;4.16&#8243; _module_preset=&#8220;default&#8220; background_color=&#8220;#007bb6&#8243; custom_margin=&#8220;33px||||false|false&#8220; custom_padding=&#8220;0px||||false|false&#8220; box_shadow_style=&#8220;preset3&#8243; global_colors_info=&#8220;{}&#8220; follow_button=&#8220;off&#8220; url_new_window=&#8220;on&#8220;]linkedin[\/et_pb_social_media_follow_network][\/et_pb_social_media_follow][\/et_pb_column][\/et_pb_row][et_pb_row _builder_version=&#8220;4.16&#8243; _module_preset=&#8220;default&#8220; global_colors_info=&#8220;{}&#8220;][et_pb_column type=&#8220;4_4&#8243; _builder_version=&#8220;4.16&#8243; _module_preset=&#8220;default&#8220; global_colors_info=&#8220;{}&#8220;][et_pb_text _builder_version=&#8220;4.16&#8243; text_font=&#8220;|600||||on|||&#8220; text_text_color=&#8220;#fcae3a&#8220; text_font_size=&#8220;21px&#8220; text_letter_spacing=&#8220;2px&#8220; text_line_height=&#8220;1.3em&#8220; header_4_font=&#8220;|600||||on|||&#8220; header_4_text_align=&#8220;center&#8220; header_4_text_color=&#8220;#fcae3a&#8220; header_4_letter_spacing=&#8220;2px&#8220; header_4_line_height=&#8220;1.2em&#8220; border_width_bottom=&#8220;1px&#8220; border_color_bottom=&#8220;#385c7a&#8220; border_style_bottom=&#8220;dotted&#8220; global_colors_info=&#8220;{}&#8220;]Mein Wedergang in der Schweiz[\/et_pb_text][\/et_pb_column][\/et_pb_row][et_pb_row _builder_version=&#8220;4.16&#8243; _module_preset=&#8220;default&#8220; global_colors_info=&#8220;{}&#8220;][et_pb_column type=&#8220;4_4&#8243; _builder_version=&#8220;4.16&#8243; _module_preset=&#8220;default&#8220; global_colors_info=&#8220;{}&#8220;][et_pb_text admin_label=&#8220;Profil&#8220; _builder_version=&#8220;4.16&#8243; text_text_color=&#8220;#385c7a&#8220; text_font_size=&#8220;16px&#8220; text_letter_spacing=&#8220;1px&#8220; text_line_height=&#8220;1.9em&#8220; header_text_align=&#8220;center&#8220; header_2_text_align=&#8220;center&#8220; header_2_text_color=&#8220;#385c7a&#8220; header_3_font=&#8220;|600|||||||&#8220; header_3_text_align=&#8220;center&#8220; header_3_text_color=&#8220;#fcae3a&#8220; header_3_letter_spacing=&#8220;2px&#8220; header_3_line_height=&#8220;2.6em&#8220; background_size=&#8220;initial&#8220; background_position=&#8220;top_left&#8220; background_repeat=&#8220;repeat&#8220; text_orientation=&#8220;justified&#8220; custom_padding=&#8220;14px|27px|18px|27px|false|false&#8220; link_option_url=&#8220;https:\/\/www.linkedin.com\/in\/ceidenbenz&#8220; link_option_url_new_window=&#8220;on&#8220; border_radii=&#8220;on|7px|7px|7px|7px&#8220; border_color_all=&#8220;#FFFFFF&#8220; border_style_all=&#8220;double&#8220; global_colors_info=&#8220;{}&#8220;]An der\u00a0<strong>Universit\u00e4t Lausanne\u00a0<\/strong>habe ich ein\u00a0<strong>Magisterstudium<\/strong>\u00a0in Englischer Literatur und Sprachwissenschaft\u00a0<strong><em>(Lettres)<\/em><\/strong>, Sozialwissenschaften und Geschichte absolviert. Ich habe bei\u00a0<em>IBM, Cr\u00e9dit Suisse, Jeuncomm und Supercomm\u00a0<\/em>Englisch unterrichtet. Nach acht Jahren als Unterricht- und Forschungsprojektleiter arbeite ich seit 2016 als\u00a0<strong>freiberufliche \u00dcbersetzerin<\/strong>\u00a0in der Schweiz.<\/p>\n<h4><\/h4>\n<p>[\/et_pb_text][\/et_pb_column][\/et_pb_row][et_pb_row _builder_version=&#8220;4.16&#8243; _module_preset=&#8220;default&#8220; global_colors_info=&#8220;{}&#8220;][et_pb_column type=&#8220;4_4&#8243; _builder_version=&#8220;4.16&#8243; _module_preset=&#8220;default&#8220; global_colors_info=&#8220;{}&#8220;][et_pb_text _builder_version=&#8220;4.16&#8243; text_font=&#8220;|600||||on|||&#8220; text_text_color=&#8220;#fcae3a&#8220; text_font_size=&#8220;22px&#8220; text_letter_spacing=&#8220;2px&#8220; text_line_height=&#8220;1.3em&#8220; header_4_font=&#8220;|600||||on|||&#8220; header_4_text_align=&#8220;center&#8220; header_4_text_color=&#8220;#fcae3a&#8220; header_4_letter_spacing=&#8220;2px&#8220; header_4_line_height=&#8220;1.2em&#8220; border_width_bottom=&#8220;1px&#8220; border_color_bottom=&#8220;#385c7a&#8220; border_style_bottom=&#8220;dotted&#8220; global_colors_info=&#8220;{}&#8220;]<\/p>\n<p style=\"text-align: right;\">Weiterbildung<\/p>\n<p>[\/et_pb_text][\/et_pb_column][\/et_pb_row][et_pb_row column_structure=&#8220;2_5,3_5&#8243; _builder_version=&#8220;4.16&#8243; custom_margin=&#8220;||27px||false|false&#8220; global_colors_info=&#8220;{}&#8220;][et_pb_column type=&#8220;2_5&#8243; _builder_version=&#8220;4.16&#8243; global_colors_info=&#8220;{}&#8220;][et_pb_image src=&#8220;https:\/\/eidenbenz-translation.com\/wordpress_d\/wp-content\/uploads\/2015\/04\/books_apple_hires.jpg&#8220; show_bottom_space=&#8220;off&#8220; align=&#8220;center&#8220; force_fullwidth=&#8220;on&#8220; align_tablet=&#8220;center&#8220; align_phone=&#8220;&#8220; align_last_edited=&#8220;on|desktop&#8220; admin_label=&#8220;Books&#8220; _builder_version=&#8220;4.16&#8243; module_alignment=&#8220;center&#8220; filter_saturate=&#8220;68%&#8220; filter_brightness=&#8220;103%&#8220; filter_contrast=&#8220;102%&#8220; border_radii=&#8220;on|10px|10px|10px|10px&#8220; box_shadow_style=&#8220;preset1&#8243; global_colors_info=&#8220;{}&#8220;]<br \/>\n[\/et_pb_image][\/et_pb_column][et_pb_column type=&#8220;3_5&#8243; _builder_version=&#8220;4.16&#8243; global_colors_info=&#8220;{}&#8220;][et_pb_text admin_label=&#8220;Profil&#8220; _builder_version=&#8220;4.16&#8243; text_text_color=&#8220;#385c7a&#8220; text_font_size=&#8220;16px&#8220; text_letter_spacing=&#8220;1px&#8220; text_line_height=&#8220;1.9em&#8220; header_text_align=&#8220;center&#8220; header_2_text_align=&#8220;center&#8220; header_2_text_color=&#8220;#385c7a&#8220; header_3_font=&#8220;|600|||||||&#8220; header_3_text_align=&#8220;center&#8220; header_3_text_color=&#8220;#fcae3a&#8220; header_3_letter_spacing=&#8220;2px&#8220; header_3_line_height=&#8220;2.6em&#8220; background_size=&#8220;initial&#8220; background_position=&#8220;top_left&#8220; background_repeat=&#8220;repeat&#8220; text_orientation=&#8220;justified&#8220; custom_padding=&#8220;14px|27px|18px|27px|false|false&#8220; link_option_url=&#8220;https:\/\/www.linkedin.com\/in\/ceidenbenz&#8220; link_option_url_new_window=&#8220;on&#8220; border_radii=&#8220;on|7px|7px|7px|7px&#8220; border_color_all=&#8220;#FFFFFF&#8220; border_style_all=&#8220;double&#8220; global_colors_info=&#8220;{}&#8220;]Um meine F\u00e4higkeiten weiter zu vervollkommnen, nehme ich regelm\u00e4\u00dfig an Lehrg\u00e4ngen, Vortr\u00e4gen und offenen Weiterbildungen von Berufsverb\u00e4nden oder der Universit\u00e4t teil.<\/p>\n<p style=\"text-align: left;\"><strong>Im Mai 2022<\/strong> habe ich die von Isabelle Meurville angegebene Ausbildung &#8222;<strong><a href=\"https:\/\/translature.com\/accueil\/formation-ecriture-inclusive\/\">\u00c9crire sans Exclure<\/a><\/strong>&#8220; abgeschlossen. Es handelt sich um die <strong>Geschlechtergerechte Sprache<\/strong> (f\u00fcr Franz\u00f6sisch). Ziel dabei ist, dass sich wirklich jeder Mensch beim Lesen der Texte, die ich fu\u0308r Sie u\u0308bersetze, wiederfindet, ganz gleich, ob Ma\u0308nner, Frauen und Menschen mit nichtbina\u0308rer Geschlechtsidentita\u0308t.<\/p>\n<h4><\/h4>\n<p>[\/et_pb_text][\/et_pb_column][\/et_pb_row][et_pb_row _builder_version=&#8220;4.16&#8243; custom_margin=&#8220;-50px||59px||false|false&#8220; custom_padding=&#8220;57px||||false|false&#8220; global_colors_info=&#8220;{}&#8220;][et_pb_column type=&#8220;4_4&#8243; _builder_version=&#8220;4.16&#8243; global_colors_info=&#8220;{}&#8220;][et_pb_cta button_url=&#8220;https:\/\/eidenbenz-translation.com\/de\/bewertungen\/&#8220; button_text=&#8220;Das sagen meine Kundinnen und Kunden&#8220; admin_label=&#8220;Dem devis&#8220; _builder_version=&#8220;4.16&#8243; header_text_color=&#8220;#ffffff&#8220; body_text_color=&#8220;#ffffff&#8220; use_background_color=&#8220;off&#8220; background_size=&#8220;initial&#8220; background_position=&#8220;top_left&#8220; background_repeat=&#8220;repeat&#8220; custom_button=&#8220;on&#8220; button_text_color=&#8220;#ffffff&#8220; button_bg_color=&#8220;rgba(56,92,122,0.49)&#8220; button_bg_use_color_gradient=&#8220;on&#8220; button_bg_color_gradient_stops=&#8220;rgba(56,92,122,0.92) 0%|rgba(56,92,122,0.27) 100%&#8220; button_bg_color_gradient_start=&#8220;rgba(56,92,122,0.92)&#8220; button_bg_color_gradient_end=&#8220;rgba(56,92,122,0.27)&#8220; button_border_width=&#8220;0px&#8220; button_border_radius=&#8220;4px&#8220; button_letter_spacing=&#8220;3px&#8220; button_font=&#8220;|700|||||||&#8220; button_icon=&#8220;&#xe04e;||divi||400&#8243; button_icon_color=&#8220;#FFFFFF&#8220; button_icon_placement=&#8220;left&#8220; button_alignment=&#8220;center&#8220; custom_padding=&#8220;50px||||false|false&#8220; button_bg_color_gradient_stops_tablet=&#8220;rgba(56,92,122,0.92) 0%|rgba(56,92,122,0.27) 100%&#8220; button_bg_color_gradient_stops_phone=&#8220;rgba(56,92,122,0.92) 0%|rgba(56,92,122,0.27) 100%&#8220; button_text_shadow_style=&#8220;preset1&#8243; box_shadow_style_button=&#8220;preset3&#8243; use_border_color=&#8220;off&#8220; global_module=&#8220;7523&#8243; saved_tabs=&#8220;all&#8220; global_colors_info=&#8220;{}&#8220; button_text_size__hover_enabled=&#8220;off&#8220; button_text_size__hover=&#8220;null&#8220; button_one_text_size__hover_enabled=&#8220;off&#8220; button_one_text_size__hover=&#8220;null&#8220; button_two_text_size__hover_enabled=&#8220;off&#8220; button_two_text_size__hover=&#8220;null&#8220; button_text_color__hover_enabled=&#8220;off&#8220; button_text_color__hover=&#8220;null&#8220; button_one_text_color__hover_enabled=&#8220;off&#8220; button_one_text_color__hover=&#8220;null&#8220; button_two_text_color__hover_enabled=&#8220;off&#8220; button_two_text_color__hover=&#8220;null&#8220; button_border_width__hover_enabled=&#8220;off&#8220; button_border_width__hover=&#8220;null&#8220; button_one_border_width__hover_enabled=&#8220;off&#8220; button_one_border_width__hover=&#8220;null&#8220; button_two_border_width__hover_enabled=&#8220;off&#8220; button_two_border_width__hover=&#8220;null&#8220; button_border_color__hover_enabled=&#8220;off&#8220; button_border_color__hover=&#8220;null&#8220; button_one_border_color__hover_enabled=&#8220;off&#8220; button_one_border_color__hover=&#8220;null&#8220; button_two_border_color__hover_enabled=&#8220;off&#8220; button_two_border_color__hover=&#8220;null&#8220; button_border_radius__hover_enabled=&#8220;off&#8220; button_border_radius__hover=&#8220;null&#8220; button_one_border_radius__hover_enabled=&#8220;off&#8220; button_one_border_radius__hover=&#8220;null&#8220; button_two_border_radius__hover_enabled=&#8220;off&#8220; button_two_border_radius__hover=&#8220;null&#8220; button_letter_spacing__hover_enabled=&#8220;on&#8220; button_letter_spacing__hover=&#8220;0&#8243; button_one_letter_spacing__hover_enabled=&#8220;off&#8220; button_one_letter_spacing__hover=&#8220;null&#8220; button_two_letter_spacing__hover_enabled=&#8220;off&#8220; button_two_letter_spacing__hover=&#8220;null&#8220; button_bg_color__hover_enabled=&#8220;off&#8220; button_bg_color__hover=&#8220;null&#8220; button_one_bg_color__hover_enabled=&#8220;off&#8220; button_one_bg_color__hover=&#8220;null&#8220; button_two_bg_color__hover_enabled=&#8220;off&#8220; button_two_bg_color__hover=&#8220;null&#8220;][\/et_pb_cta][\/et_pb_column][\/et_pb_row][\/et_pb_section][et_pb_section fb_built=&#8220;1&#8243; inner_shadow=&#8220;on&#8220; _builder_version=&#8220;4.16&#8243; use_background_color_gradient=&#8220;on&#8220; background_color_gradient_stops=&#8220;#385c7a 0%|rgba(56,92,122,0.55) 100%&#8220; background_color_gradient_start=&#8220;#385c7a&#8220; background_color_gradient_end=&#8220;rgba(56,92,122,0.55)&#8220; box_shadow_style=&#8220;preset3&#8243; global_colors_info=&#8220;{}&#8220;][et_pb_row _builder_version=&#8220;4.16&#8243; background_size=&#8220;initial&#8220; background_position=&#8220;top_left&#8220; background_repeat=&#8220;repeat&#8220; global_colors_info=&#8220;{}&#8220;][et_pb_column type=&#8220;4_4&#8243; _builder_version=&#8220;4.16&#8243; custom_padding=&#8220;|||&#8220; global_colors_info=&#8220;{}&#8220; custom_padding__hover=&#8220;|||&#8220;][et_pb_cta title=&#8220;Sie sind dran! Erz\u00e4hlen Sie mir bitte von Ihnen&#8220; button_url=&#8220;https:\/\/eidenbenz-translation.com\/de\/kontakt\/&#8220; button_text=&#8220;Kontakt aufnehmen&#8220; admin_label=&#8220;Contact&#8220; _builder_version=&#8220;4.16&#8243; header_font=&#8220;|600|||||||&#8220; header_text_color=&#8220;#ffffff&#8220; header_font_size=&#8220;27px&#8220; header_letter_spacing=&#8220;4px&#8220; header_line_height=&#8220;1.4em&#8220; body_text_color=&#8220;#ffffff&#8220; body_font_size=&#8220;17px&#8220; body_letter_spacing=&#8220;2px&#8220; use_background_color=&#8220;off&#8220; background_size=&#8220;initial&#8220; background_position=&#8220;top_left&#8220; background_repeat=&#8220;repeat&#8220; custom_button=&#8220;on&#8220; button_text_color=&#8220;rgba(56,92,122,0.92)&#8220; button_bg_color=&#8220;rgba(56,92,122,0.49)&#8220; button_bg_use_color_gradient=&#8220;on&#8220; button_bg_color_gradient_stops=&#8220;#ffffff 0%|#ffffff 100%&#8220; button_bg_color_gradient_start=&#8220;#ffffff&#8220; button_bg_color_gradient_end=&#8220;#ffffff&#8220; button_border_width=&#8220;0px&#8220; button_border_radius=&#8220;4px&#8220; button_letter_spacing=&#8220;3px&#8220; button_font=&#8220;|700|||||||&#8220; button_icon=&#8220;&#x39;||divi||400&#8243; button_alignment=&#8220;center&#8220; button_text_shadow_style=&#8220;preset1&#8243; button_text_shadow_blur_strength=&#8220;0.35em&#8220; button_text_shadow_color=&#8220;rgba(56,92,122,0.27)&#8220; box_shadow_style_button=&#8220;preset3&#8243; global_colors_info=&#8220;{}&#8220; button_letter_spacing__hover=&#8220;0&#8243; button_letter_spacing__hover_enabled=&#8220;on&#8220;]Ich m\u00f6chte gerne Ihre Bed\u00fcrfnisse in Sachen Sprachen kennenlernen. Ich helfe Ihnen gern.[\/et_pb_cta][\/et_pb_column][\/et_pb_row][\/et_pb_section]<\/p>\n","protected":false},"excerpt":{"rendered":"<p>ADDICTION TRANSLATION SERVICES Charlotte Eidenbenz \u00dcBERSETZERIN SEIT JANUAR 2016 *\u00a0 \u00a0*\u00a0 \u00a0*Mein Wedergang in der SchweizAn der\u00a0Universit\u00e4t Lausanne\u00a0habe ich ein\u00a0Magisterstudium\u00a0in Englischer Literatur und Sprachwissenschaft\u00a0(Lettres), Sozialwissenschaften und Geschichte absolviert. Ich habe bei\u00a0IBM, Cr\u00e9dit Suisse, Jeuncomm und Supercomm\u00a0Englisch unterrichtet. Nach acht Jahren als Unterricht- und Forschungsprojektleiter arbeite ich seit 2016 als\u00a0freiberufliche \u00dcbersetzerin\u00a0in der Schweiz. Weiterbildung Um meine [&hellip;]<\/p>\n","protected":false},"author":1,"featured_media":0,"parent":0,"menu_order":0,"comment_status":"closed","ping_status":"closed","template":"","meta":{"_et_pb_use_builder":"on","_et_pb_old_content":"","_et_gb_content_width":"","footnotes":""},"class_list":["post-1406","page","type-page","status-publish","hentry"],"_links":{"self":[{"href":"https:\/\/eidenbenz-translation.com\/de\/wp-json\/wp\/v2\/pages\/1406","targetHints":{"allow":["GET"]}}],"collection":[{"href":"https:\/\/eidenbenz-translation.com\/de\/wp-json\/wp\/v2\/pages"}],"about":[{"href":"https:\/\/eidenbenz-translation.com\/de\/wp-json\/wp\/v2\/types\/page"}],"author":[{"embeddable":true,"href":"https:\/\/eidenbenz-translation.com\/de\/wp-json\/wp\/v2\/users\/1"}],"replies":[{"embeddable":true,"href":"https:\/\/eidenbenz-translation.com\/de\/wp-json\/wp\/v2\/comments?post=1406"}],"version-history":[{"count":23,"href":"https:\/\/eidenbenz-translation.com\/de\/wp-json\/wp\/v2\/pages\/1406\/revisions"}],"predecessor-version":[{"id":8336,"href":"https:\/\/eidenbenz-translation.com\/de\/wp-json\/wp\/v2\/pages\/1406\/revisions\/8336"}],"wp:attachment":[{"href":"https:\/\/eidenbenz-translation.com\/de\/wp-json\/wp\/v2\/media?parent=1406"}],"curies":[{"name":"wp","href":"https:\/\/api.w.org\/{rel}","templated":true}]}}