{"id":7819,"date":"2022-03-22T14:09:17","date_gmt":"2022-03-22T13:09:17","guid":{"rendered":"https:\/\/eidenbenz-translation.com\/?page_id=7819"},"modified":"2022-03-30T09:15:26","modified_gmt":"2022-03-30T07:15:26","slug":"ueberblick","status":"publish","type":"page","link":"https:\/\/eidenbenz-translation.com\/de\/ueberblick\/","title":{"rendered":"\u00dcBERBLICK"},"content":{"rendered":"<p>[et_pb_section fb_built=&#8220;1&#8243; inner_shadow=&#8220;on&#8220; admin_label=&#8220;Nuages&#8220; _builder_version=&#8220;4.4.7&#8243; use_background_color_gradient=&#8220;on&#8220; background_color_gradient_start=&#8220;#385c7a&#8220; background_color_gradient_end=&#8220;#ffffff&#8220; background_color_gradient_direction=&#8220;185deg&#8220; custom_margin=&#8220;||-15px||false|false&#8220; custom_padding=&#8220;30px||||false|false&#8220; bottom_divider_style=&#8220;clouds2&#8243; bottom_divider_color=&#8220;#ffffff&#8220; bottom_divider_height=&#8220;81px&#8220; bottom_divider_flip=&#8220;horizontal&#8220; locked=&#8220;off&#8220; global_colors_info=&#8220;{}&#8220;][et_pb_row _builder_version=&#8220;4.4.7&#8243; background_color=&#8220;rgba(0,0,0,0)&#8220; global_colors_info=&#8220;{}&#8220;][et_pb_column type=&#8220;4_4&#8243; _builder_version=&#8220;4.4.7&#8243; global_colors_info=&#8220;{}&#8220;][et_pb_text _builder_version=&#8220;4.4.7&#8243; text_text_color=&#8220;rgba(0,0,0,0)&#8220; background_color=&#8220;rgba(0,0,0,0)&#8220; global_colors_info=&#8220;{}&#8220;]ADDICTION TRANSLATION SERVICES[\/et_pb_text][\/et_pb_column][\/et_pb_row][\/et_pb_section][et_pb_section fb_built=&#8220;1&#8243; inner_shadow=&#8220;on&#8220; _builder_version=&#8220;4.4.7&#8243; use_background_color_gradient=&#8220;on&#8220; background_color_gradient_start=&#8220;rgba(0,0,0,0)&#8220; background_color_gradient_end=&#8220;#fcb54b&#8220; background_color_gradient_direction=&#8220;175deg&#8220; background_color_gradient_start_position=&#8220;86%&#8220; background_color_gradient_end_position=&#8220;98%&#8220; background_color_gradient_overlays_image=&#8220;on&#8220; top_divider_color=&#8220;#fce8c9&#8243; top_divider_height=&#8220;31px&#8220; bottom_divider_style=&#8220;mountains2&#8243; bottom_divider_color=&#8220;rgba(56,92,122,0.8)&#8220; bottom_divider_height=&#8220;46px&#8220; bottom_divider_repeat=&#8220;2x&#8220; global_colors_info=&#8220;{}&#8220;][et_pb_row _builder_version=&#8220;4.14.9&#8243; background_color=&#8220;rgba(0,0,0,0)&#8220; custom_margin=&#8220;||-31px||false|false&#8220; global_colors_info=&#8220;{}&#8220;][et_pb_column type=&#8220;4_4&#8243; _builder_version=&#8220;4.4.7&#8243; global_colors_info=&#8220;{}&#8220;][et_pb_text _builder_version=&#8220;4.14.9&#8243; text_text_color=&#8220;#385c7a&#8220; text_font_size=&#8220;34px&#8220; text_letter_spacing=&#8220;2px&#8220; text_line_height=&#8220;2em&#8220; header_font=&#8220;|600|||||||&#8220; header_text_align=&#8220;center&#8220; header_text_color=&#8220;#385c7a&#8220; header_font_size=&#8220;29px&#8220; header_letter_spacing=&#8220;2px&#8220; header_line_height=&#8220;2.3em&#8220; header_5_font=&#8220;|600||on|||||&#8220; header_5_text_color=&#8220;#fcae3a&#8220; header_5_font_size=&#8220;15px&#8220; header_5_line_height=&#8220;1.8em&#8220; text_orientation=&#8220;center&#8220; custom_padding=&#8220;||0px||false|false&#8220; locked=&#8220;off&#8220; global_colors_info=&#8220;{}&#8220;]<\/p>\n<h1>\u00dcberblick \u00fcber ausgew\u00e4hlte \u00dcbersetzungen<\/h1>\n<p>*\u00a0 \u00a0*\u00a0 \u00a0*<\/p>\n<p>[\/et_pb_text][\/et_pb_column][\/et_pb_row][et_pb_row column_structure=&#8220;1_2,1_2&#8243; _builder_version=&#8220;4.14.9&#8243; _module_preset=&#8220;default&#8220; global_colors_info=&#8220;{}&#8220;][et_pb_column type=&#8220;1_2&#8243; _builder_version=&#8220;4.14.9&#8243; _module_preset=&#8220;default&#8220; global_colors_info=&#8220;{}&#8220;][et_pb_text _builder_version=&#8220;4.14.9&#8243; text_text_color=&#8220;#385c7a&#8220; text_font_size=&#8220;34px&#8220; text_letter_spacing=&#8220;2px&#8220; text_line_height=&#8220;2em&#8220; header_font=&#8220;|600|||||||&#8220; header_text_align=&#8220;center&#8220; header_text_color=&#8220;#385c7a&#8220; header_font_size=&#8220;29px&#8220; header_letter_spacing=&#8220;2px&#8220; header_line_height=&#8220;2.3em&#8220; header_5_font=&#8220;|600||on|||||&#8220; header_5_text_color=&#8220;#fcae3a&#8220; header_5_font_size=&#8220;15px&#8220; header_5_line_height=&#8220;1.8em&#8220; text_orientation=&#8220;center&#8220; custom_padding=&#8220;||0px||false|false&#8220; locked=&#8220;off&#8220; global_colors_info=&#8220;{}&#8220;]<\/p>\n<h5 style=\"text-align: right;\"><\/h5>\n<p>[\/et_pb_text][\/et_pb_column][et_pb_column type=&#8220;1_2&#8243; _builder_version=&#8220;4.14.9&#8243; _module_preset=&#8220;default&#8220; global_colors_info=&#8220;{}&#8220;][et_pb_blurb title=&#8220;Eidenbenz Translation&#8220; image=&#8220;https:\/\/eidenbenz-translation.com\/wordpress_d\/wp-content\/uploads\/2022\/03\/EIT_logo_CMJN_sans_texte_20220304-225&#215;300.png&#8220; alt=&#8220;Logo_no_text&#8220; icon_placement=&#8220;left&#8220; _builder_version=&#8220;4.14.9&#8243; header_font=&#8220;||||||||&#8220; header_text_align=&#8220;left&#8220; header_text_color=&#8220;#385c7a&#8220; header_font_size=&#8220;20px&#8220; header_letter_spacing=&#8220;2px&#8220; header_line_height=&#8220;1.7em&#8220; custom_margin=&#8220;-4px||0px||false|false&#8220; locked=&#8220;off&#8220; global_colors_info=&#8220;{}&#8220;][\/et_pb_blurb][\/et_pb_column][\/et_pb_row][\/et_pb_section][et_pb_section fb_built=&#8220;1&#8243; inner_shadow=&#8220;on&#8220; _builder_version=&#8220;4.4.7&#8243; background_color_gradient_direction=&#8220;1deg&#8220; top_divider_style=&#8220;curve2&#8243; top_divider_color=&#8220;rgba(252,209,143,0.37)&#8220; top_divider_height=&#8220;55px&#8220; top_divider_repeat=&#8220;0x&#8220; top_divider_flip=&#8220;vertical&#8220; bottom_divider_style=&#8220;arrow3&#8243; bottom_divider_color=&#8220;rgba(56,92,122,0.33)&#8220; bottom_divider_height=&#8220;79px&#8220; bottom_divider_repeat=&#8220;5x&#8220; box_shadow_style=&#8220;preset6&#8243; global_colors_info=&#8220;{}&#8220;][et_pb_row _builder_version=&#8220;4.4.7&#8243; global_colors_info=&#8220;{}&#8220;][et_pb_column type=&#8220;4_4&#8243; _builder_version=&#8220;4.4.7&#8243; global_colors_info=&#8220;{}&#8220;][et_pb_filterable_portfolio fullwidth=&#8220;off&#8220; posts_number=&#8220;50&#8243; include_categories=&#8220;267,273,270,272,268,276,271,269,274,275,277,278&#8243; admin_label=&#8220;Portefeuille de mandats&#8220; _builder_version=&#8220;4.14.9&#8243; title_font=&#8220;|600|||||||&#8220; title_text_align=&#8220;center&#8220; title_text_color=&#8220;#385c7a&#8220; title_font_size=&#8220;18px&#8220; title_letter_spacing=&#8220;1px&#8220; title_line_height=&#8220;1.5em&#8220; filter_text_color=&#8220;#385c7a&#8220; filter_font_size=&#8220;18px&#8220; filter_letter_spacing=&#8220;1px&#8220; caption_font=&#8220;||||||||&#8220; caption_text_align=&#8220;center&#8220; caption_text_color=&#8220;#fc9700&#8243; caption_font_size=&#8220;16px&#8220; caption_letter_spacing=&#8220;1px&#8220; pagination_text_align=&#8220;center&#8220; pagination_text_color=&#8220;#ffffff&#8220; pagination_letter_spacing=&#8220;1px&#8220; border_radii_image=&#8220;on|9px|9px|9px|9px&#8220; border_width_all_image=&#8220;5px&#8220; border_color_all_image=&#8220;#ffffff&#8220; box_shadow_style_image=&#8220;preset1&#8243; global_colors_info=&#8220;{}&#8220;][\/et_pb_filterable_portfolio][\/et_pb_column][\/et_pb_row][\/et_pb_section][et_pb_section fb_built=&#8220;1&#8243; inner_shadow=&#8220;on&#8220; admin_label=&#8220;Section montagne pdpage&#8220; _builder_version=&#8220;4.4.7&#8243; use_background_color_gradient=&#8220;on&#8220; background_color_gradient_start=&#8220;#ffffff&#8220; background_color_gradient_end=&#8220;#fcb54b&#8220; background_color_gradient_direction=&#8220;175deg&#8220; background_color_gradient_start_position=&#8220;87%&#8220; background_color_gradient_overlays_image=&#8220;on&#8220; custom_margin=&#8220;2px||||false|false&#8220; top_divider_style=&#8220;curve2&#8243; top_divider_color=&#8220;rgba(56,92,122,0.25)&#8220; top_divider_height=&#8220;121px&#8220; top_divider_flip=&#8220;vertical&#8220; bottom_divider_style=&#8220;mountains2&#8243; bottom_divider_color=&#8220;rgba(56,92,122,0.8)&#8220; bottom_divider_height=&#8220;46px&#8220; bottom_divider_repeat=&#8220;2x&#8220; global_module=&#8220;8139&#8243; saved_tabs=&#8220;all&#8220; locked=&#8220;off&#8220; global_colors_info=&#8220;{}&#8220;][et_pb_row _builder_version=&#8220;4.4.7&#8243; custom_margin=&#8220;||-10px||false|false&#8220; custom_padding=&#8220;||0px||false|false&#8220; global_colors_info=&#8220;{}&#8220;][et_pb_column type=&#8220;4_4&#8243; _builder_version=&#8220;4.4.7&#8243; global_colors_info=&#8220;{}&#8220;][et_pb_text admin_label=&#8220;Mes atouts&#8220; _builder_version=&#8220;4.14.9&#8243; text_font=&#8220;||||||||&#8220; text_text_color=&#8220;#385c7a&#8220; text_letter_spacing=&#8220;2px&#8220; header_font_size=&#8220;41px&#8220; header_4_font=&#8220;|600||||on|||&#8220; header_4_text_align=&#8220;center&#8220; header_4_text_color=&#8220;#385c7a&#8220; header_4_font_size=&#8220;29px&#8220; header_4_letter_spacing=&#8220;2px&#8220; header_4_line_height=&#8220;1.6em&#8220; custom_margin=&#8220;||-10px||false|false&#8220; custom_padding=&#8220;50px||||false|false&#8220; global_colors_info=&#8220;{}&#8220;]<\/p>\n<h4>Meine Kompetenzen im Dienste Ihrer Texte<\/h4>\n<p>[\/et_pb_text][\/et_pb_column][\/et_pb_row][et_pb_row column_structure=&#8220;2_5,3_5&#8243; _builder_version=&#8220;4.4.7&#8243; global_colors_info=&#8220;{}&#8220;][et_pb_column type=&#8220;2_5&#8243; _builder_version=&#8220;4.4.7&#8243; global_colors_info=&#8220;{}&#8220;][et_pb_image src=&#8220;https:\/\/eidenbenz-translation.com\/wordpress_d\/wp-content\/uploads\/2015\/07\/Charlotte_Eidenbenz_IMG_1123-e1429797190709-200&#215;300.jpg&#8220; alt=&#8220;\u00dcbersetzerin&#8220; title_text=&#8220;Charlotte_Eidenbenz_IMG_1123-e1429797190709-200&#215;300&#8243; show_bottom_space=&#8220;off&#8220; align=&#8220;center&#8220; admin_label=&#8220;My face&#8220; _builder_version=&#8220;4.4.7&#8243; custom_padding=&#8220;50px||||false|false&#8220; border_radii=&#8220;on|78px|78px|78px|78px&#8220; global_colors_info=&#8220;{}&#8220;][\/et_pb_image][\/et_pb_column][et_pb_column type=&#8220;3_5&#8243; _builder_version=&#8220;4.4.7&#8243; global_colors_info=&#8220;{}&#8220;][et_pb_text admin_label=&#8220;Mes atouts liste&#8220; _builder_version=&#8220;4.14.9&#8243; text_font=&#8220;||||||||&#8220; text_text_color=&#8220;#385c7a&#8220; text_letter_spacing=&#8220;2px&#8220; header_font_size=&#8220;40px&#8220; header_4_font=&#8220;|600||||on|||&#8220; header_4_text_align=&#8220;center&#8220; header_4_text_color=&#8220;#385c7a&#8220; header_4_font_size=&#8220;37px&#8220; header_4_letter_spacing=&#8220;2px&#8220; header_4_line_height=&#8220;1.6em&#8220; custom_padding=&#8220;14px|||28px|false|false&#8220; global_colors_info=&#8220;{}&#8220; text_font_size=&#8220;17px&#8220; border_width_left=&#8220;11px&#8220; border_color_left=&#8220;rgba(252,174,58,0.81)&#8220; border_style_left=&#8220;dotted&#8220; hover_enabled=&#8220;0&#8243; sticky_enabled=&#8220;0&#8243;]<\/p>\n<p><strong>Seit Januar 2016<\/strong> arbeite ich als Vollzeit\u00fcbersetzerin.<\/p>\n<p>Ich biete Ihnen<strong> 3 Sprachen<\/strong> und <strong>4 Sprachkombinationen: <\/strong>Deutsch &lt;&gt; Franz\u00f6sisch und Englisch &lt;&gt; Franz\u00f6sisch.<\/p>\n<p>In Zusammenarbeit mit <strong>meinen Partner\u00fcbersetzerinnen<\/strong> liefere ich Ihnen Ihre franz\u00f6sischsprachigen Ausgangstexte als deutsche oder englische Zieltexte.<\/p>\n<p>Meine fundierten Kenntnisse \u00fcber die <strong>Schweiz<\/strong>.<\/p>\n<p>Eine sanfte Mischung aus meiner <strong>literarischen Sensibilit\u00e4t<\/strong> und meinem tiefgreifenden Verst\u00e4ndnis <strong>wissenschaftlicher Texte<\/strong>.<\/p>\n<p>Anwendung eines <strong>Schreibstils<\/strong>, der am besten auf Ihr Zielpublikum und Ihre zu vermittelnden Aussagen abgestimmt ist und dabei dem Originalstil des Textes m\u00f6glichst treu bleibt &#8211; ganz nach dem Prinzip: So genau wie m\u00f6glich und so frei wie n\u00f6tig.<\/p>\n<p>Meine anwendungsorientierten Kenntnisse des <strong>inklusiven Schreibens<\/strong>, um \u2013 bei auf Wunsch Ihrerseits \u2013 die Reichweite Ihrer Texte zu erh\u00f6hen und keine soziale Gruppe Ihrer Leserschaft zu br\u00fcskieren oder auszugrenzen.<\/p>\n<p>Mein Wissen und meine beruflichen Erfahrungen in den Bereichen <strong>Suchtbek\u00e4mpfung<\/strong>, <strong>\u00f6ffentliches Gesundheitswesen<\/strong>, <strong>Klimakrise<\/strong> und <strong>Spiritualit\u00e4t<\/strong>.<\/p>\n<p>[\/et_pb_text][\/et_pb_column][\/et_pb_row][et_pb_row _builder_version=&#8220;3.25&#8243; background_size=&#8220;initial&#8220; background_position=&#8220;top_left&#8220; background_repeat=&#8220;repeat&#8220; global_colors_info=&#8220;{}&#8220;][et_pb_column type=&#8220;4_4&#8243; _builder_version=&#8220;3.25&#8243; custom_padding=&#8220;|||&#8220; global_colors_info=&#8220;{}&#8220; custom_padding__hover=&#8220;|||&#8220;][et_pb_cta button_url=&#8220;https:\/\/eidenbenz-translation.com\/de\/kontakt\/&#8220; button_text=&#8220;Kontak aufnehmen&#8220; admin_label=&#8220;Contact&#8220; _builder_version=&#8220;3.17.2&#8243; header_text_color=&#8220;#ffffff&#8220; body_text_color=&#8220;#ffffff&#8220; use_background_color=&#8220;off&#8220; background_size=&#8220;initial&#8220; background_position=&#8220;top_left&#8220; background_repeat=&#8220;repeat&#8220; custom_button=&#8220;on&#8220; button_text_color=&#8220;#ffffff&#8220; button_bg_color=&#8220;rgba(56,92,122,0.49)&#8220; button_bg_use_color_gradient=&#8220;on&#8220; button_bg_color_gradient_start=&#8220;rgba(56,92,122,0.92)&#8220; button_bg_color_gradient_end=&#8220;rgba(56,92,122,0.27)&#8220; button_border_width=&#8220;0px&#8220; button_border_radius=&#8220;4px&#8220; button_letter_spacing=&#8220;3px&#8220; button_font=&#8220;|700|||||||&#8220; button_use_icon=&#8220;off&#8220; button_alignment=&#8220;center&#8220; button_text_shadow_style=&#8220;preset1&#8243; box_shadow_style_button=&#8220;preset3&#8243; use_border_color=&#8220;off&#8220; global_colors_info=&#8220;{}&#8220; button_text_size__hover_enabled=&#8220;off&#8220; button_text_size__hover=&#8220;null&#8220; button_one_text_size__hover_enabled=&#8220;off&#8220; button_one_text_size__hover=&#8220;null&#8220; button_two_text_size__hover_enabled=&#8220;off&#8220; button_two_text_size__hover=&#8220;null&#8220; button_text_color__hover_enabled=&#8220;off&#8220; button_text_color__hover=&#8220;null&#8220; button_one_text_color__hover_enabled=&#8220;off&#8220; button_one_text_color__hover=&#8220;null&#8220; button_two_text_color__hover_enabled=&#8220;off&#8220; button_two_text_color__hover=&#8220;null&#8220; button_border_width__hover_enabled=&#8220;off&#8220; button_border_width__hover=&#8220;null&#8220; button_one_border_width__hover_enabled=&#8220;off&#8220; button_one_border_width__hover=&#8220;null&#8220; button_two_border_width__hover_enabled=&#8220;off&#8220; button_two_border_width__hover=&#8220;null&#8220; button_border_color__hover_enabled=&#8220;off&#8220; button_border_color__hover=&#8220;null&#8220; button_one_border_color__hover_enabled=&#8220;off&#8220; button_one_border_color__hover=&#8220;null&#8220; button_two_border_color__hover_enabled=&#8220;off&#8220; button_two_border_color__hover=&#8220;null&#8220; button_border_radius__hover_enabled=&#8220;off&#8220; button_border_radius__hover=&#8220;null&#8220; button_one_border_radius__hover_enabled=&#8220;off&#8220; button_one_border_radius__hover=&#8220;null&#8220; button_two_border_radius__hover_enabled=&#8220;off&#8220; button_two_border_radius__hover=&#8220;null&#8220; button_letter_spacing__hover_enabled=&#8220;on&#8220; button_letter_spacing__hover=&#8220;0&#8243; button_one_letter_spacing__hover_enabled=&#8220;off&#8220; button_one_letter_spacing__hover=&#8220;null&#8220; button_two_letter_spacing__hover_enabled=&#8220;off&#8220; button_two_letter_spacing__hover=&#8220;null&#8220; button_bg_color__hover_enabled=&#8220;off&#8220; button_bg_color__hover=&#8220;null&#8220; button_one_bg_color__hover_enabled=&#8220;off&#8220; button_one_bg_color__hover=&#8220;null&#8220; button_two_bg_color__hover_enabled=&#8220;off&#8220; button_two_bg_color__hover=&#8220;null&#8220;][\/et_pb_cta][et_pb_blurb title=&#8220;Ich helfe Ihnen gern&#8220; admin_label=&#8220;\u00c0 l&#8217;\u00e9coute&#8220; _builder_version=&#8220;4.13.0&#8243; header_level=&#8220;h3&#8243; header_font=&#8220;|600|||||||&#8220; header_text_align=&#8220;center&#8220; header_text_color=&#8220;#385c7a&#8220; body_letter_spacing=&#8220;3px&#8220; background_size=&#8220;initial&#8220; background_position=&#8220;top_left&#8220; background_repeat=&#8220;repeat&#8220; text_orientation=&#8220;center&#8220; max_width_tablet=&#8220;50px&#8220; custom_padding=&#8220;31px||||false|false&#8220; animation=&#8220;off&#8220; global_colors_info=&#8220;{}&#8220;]<\/p>\n<p style=\"text-align: center;\">.<\/p>\n<p>[\/et_pb_blurb][et_pb_text admin_label=&#8220;Lever du jour (row)&#8220; _builder_version=&#8220;3.27.4&#8243; global_colors_info=&#8220;{}&#8220;][\/et_pb_text][\/et_pb_column][\/et_pb_row][\/et_pb_section]<\/p>\n","protected":false},"excerpt":{"rendered":"<p>ADDICTION TRANSLATION SERVICES\u00dcberblick \u00fcber ausgew\u00e4hlte \u00dcbersetzungen *\u00a0 \u00a0*\u00a0 \u00a0*Meine Kompetenzen im Dienste Ihrer TexteSeit Januar 2016 arbeite ich als Vollzeit\u00fcbersetzerin. Ich biete Ihnen 3 Sprachen und 4 Sprachkombinationen: Deutsch &lt;&gt; Franz\u00f6sisch und Englisch &lt;&gt; Franz\u00f6sisch. In Zusammenarbeit mit meinen Partner\u00fcbersetzerinnen liefere ich Ihnen Ihre franz\u00f6sischsprachigen Ausgangstexte als deutsche oder englische Zieltexte. Meine fundierten Kenntnisse \u00fcber [&hellip;]<\/p>\n","protected":false},"author":1,"featured_media":0,"parent":0,"menu_order":0,"comment_status":"closed","ping_status":"closed","template":"","meta":{"_et_pb_use_builder":"on","_et_pb_old_content":"","_et_gb_content_width":"","footnotes":""},"class_list":["post-7819","page","type-page","status-publish","hentry"],"_links":{"self":[{"href":"https:\/\/eidenbenz-translation.com\/de\/wp-json\/wp\/v2\/pages\/7819","targetHints":{"allow":["GET"]}}],"collection":[{"href":"https:\/\/eidenbenz-translation.com\/de\/wp-json\/wp\/v2\/pages"}],"about":[{"href":"https:\/\/eidenbenz-translation.com\/de\/wp-json\/wp\/v2\/types\/page"}],"author":[{"embeddable":true,"href":"https:\/\/eidenbenz-translation.com\/de\/wp-json\/wp\/v2\/users\/1"}],"replies":[{"embeddable":true,"href":"https:\/\/eidenbenz-translation.com\/de\/wp-json\/wp\/v2\/comments?post=7819"}],"version-history":[{"count":21,"href":"https:\/\/eidenbenz-translation.com\/de\/wp-json\/wp\/v2\/pages\/7819\/revisions"}],"predecessor-version":[{"id":8186,"href":"https:\/\/eidenbenz-translation.com\/de\/wp-json\/wp\/v2\/pages\/7819\/revisions\/8186"}],"wp:attachment":[{"href":"https:\/\/eidenbenz-translation.com\/de\/wp-json\/wp\/v2\/media?parent=7819"}],"curies":[{"name":"wp","href":"https:\/\/api.w.org\/{rel}","templated":true}]}}