{"id":1198,"date":"2015-04-30T23:52:11","date_gmt":"2015-04-30T23:52:11","guid":{"rendered":"http:\/\/eidenbenz-translation.com\/wordpress_d\/?page_id=1198"},"modified":"2022-07-20T13:04:13","modified_gmt":"2022-07-20T11:04:13","slug":"entrer","status":"publish","type":"page","link":"https:\/\/eidenbenz-translation.com\/en\/","title":{"rendered":"Eidenbenz Translation"},"content":{"rendered":"<p>[et_pb_section fb_built=&#8221;1&#8243; fullwidth=&#8221;on&#8221; _builder_version=&#8221;4.16&#8243; global_colors_info=&#8221;{}&#8221;][et_pb_fullwidth_slider show_arrows=&#8221;off&#8221; show_pagination=&#8221;off&#8221; admin_label=&#8221;Fullwidth Slider Logo&#8221; _builder_version=&#8221;4.16&#8243; global_colors_info=&#8221;{}&#8221;][et_pb_slide use_bg_overlay=&#8221;off&#8221; use_text_overlay=&#8221;off&#8221; admin_title=&#8221;logo&#8221; _builder_version=&#8221;4.16&#8243; background_color=&#8221;rgba(255,156,35,0.84)&#8221; background_image=&#8221;https:\/\/eidenbenz-translation.com\/wordpress_d\/wp-content\/uploads\/2015\/05\/EIT_logo_Blanc.png&#8221; button_on_hover=&#8221;on&#8221; global_colors_info=&#8221;{}&#8221; sticky_transition=&#8221;on&#8221;][\/et_pb_slide][\/et_pb_fullwidth_slider][\/et_pb_section][et_pb_section fb_built=&#8221;1&#8243; inner_shadow=&#8221;on&#8221; _builder_version=&#8221;4.16&#8243; use_background_color_gradient=&#8221;on&#8221; background_color_gradient_stops=&#8221;#ffffff 20%|rgba(56,92,122,0.58) 100%&#8221; background_color_gradient_start=&#8221;#ffffff&#8221; background_color_gradient_start_position=&#8221;20%&#8221; background_color_gradient_end=&#8221;rgba(56,92,122,0.58)&#8221; bottom_divider_style=&#8221;clouds2&#8243; bottom_divider_color=&#8221;#FFFFFF&#8221; bottom_divider_height=&#8221;96px&#8221; bottom_divider_repeat=&#8221;1x&#8221; bottom_divider_flip=&#8221;horizontal&#8221; box_shadow_style=&#8221;preset6&#8243; global_colors_info=&#8221;{}&#8221;][et_pb_row column_structure=&#8221;1_3,1_3,1_3&#8243; module_class=&#8221; et_pb_row_fullwidth&#8221; _builder_version=&#8221;4.16&#8243; width=&#8221;89%&#8221; width_tablet=&#8221;80%&#8221; width_phone=&#8221;80%&#8221; width_last_edited=&#8221;on|desktop&#8221; max_width=&#8221;89%&#8221; max_width_tablet=&#8221;80%&#8221; max_width_phone=&#8221;80%&#8221; max_width_last_edited=&#8221;on|desktop&#8221; module_alignment=&#8221;center&#8221; custom_margin=&#8221;||37px||false|false&#8221; make_fullwidth=&#8221;on&#8221; global_colors_info=&#8221;{}&#8221;][et_pb_column type=&#8221;1_3&#8243; _builder_version=&#8221;4.16&#8243; custom_padding=&#8221;|||&#8221; global_colors_info=&#8221;{}&#8221; custom_padding__hover=&#8221;|||&#8221;][et_pb_blurb title=&#8221;WELCOME&#8221; url=&#8221;https:\/\/eidenbenz-translation.com\/en\/switzerland\/&#8221; admin_label=&#8221;EN&#8221; _builder_version=&#8221;4.16&#8243; header_level=&#8221;h5&#8243; header_font=&#8221;|700||on|||||&#8221; header_text_align=&#8221;center&#8221; header_text_color=&#8221;#385c7a&#8221; header_font_size=&#8221;22&#8243; header_letter_spacing=&#8221;2px&#8221; header_line_height=&#8221;1.2em&#8221; body_text_align=&#8221;center&#8221; body_text_color=&#8221;#385c7a&#8221; body_font_size=&#8221;16&#8243; body_letter_spacing=&#8221;2px&#8221; body_line_height=&#8221;1.6em&#8221; background_color=&#8221;#ffffff&#8221; text_orientation=&#8221;center&#8221; custom_margin=&#8221;20px|20px|20px|20px&#8221; custom_padding=&#8221;20px|20px|20px|20px&#8221; link_option_url=&#8221;https:\/\/eidenbenz-translation.com\/en\/switzerland\/&#8221; border_radii=&#8221;on|15px|15px|15px|15px&#8221; box_shadow_style=&#8221;preset2&#8243; box_shadow_style_image=&#8221;preset1&#8243; global_colors_info=&#8221;{}&#8221;]<\/p>\n<p style=\"text-align: center;\">Do you need help with translation or proofreading?<\/p>\n<p style=\"text-align: center;\"><span style=\"color: #ff9900;\">You&#8217;ve come to the right place!<\/span><\/p>\n<p>[\/et_pb_blurb][\/et_pb_column][et_pb_column type=&#8221;1_3&#8243; _builder_version=&#8221;4.16&#8243; custom_padding=&#8221;|||&#8221; global_colors_info=&#8221;{}&#8221; custom_padding__hover=&#8221;|||&#8221;][et_pb_blurb title=&#8221;BIENVENUE&#8221; url=&#8221;https:\/\/eidenbenz-translation.com\/suisse\/&#8221; admin_label=&#8221;FR&#8221; _builder_version=&#8221;4.16&#8243; header_level=&#8221;h5&#8243; header_font=&#8221;|700||on|||||&#8221; header_text_align=&#8221;center&#8221; header_text_color=&#8221;#385c7a&#8221; header_font_size=&#8221;22&#8243; header_letter_spacing=&#8221;2px&#8221; header_line_height=&#8221;1.2em&#8221; body_text_align=&#8221;center&#8221; body_text_color=&#8221;#385c7a&#8221; body_font_size=&#8221;16&#8243; body_letter_spacing=&#8221;2px&#8221; body_line_height=&#8221;1.6em&#8221; background_color=&#8221;#ffffff&#8221; text_orientation=&#8221;center&#8221; custom_margin=&#8221;20px|20px|20px|20px&#8221; custom_padding=&#8221;20px|20px|20px|20px&#8221; link_option_url=&#8221;https:\/\/eidenbenz-translation.com\/suisse\/&#8221; border_radii=&#8221;on|15px|15px|15px|15px&#8221; box_shadow_style=&#8221;preset2&#8243; box_shadow_style_image=&#8221;preset1&#8243; global_colors_info=&#8221;{}&#8221;]<\/p>\n<p style=\"text-align: center;\">Vous avez besoin d&#8217;aide pour traduire ou corriger vos textes ?<\/p>\n<p style=\"text-align: center;\"><span style=\"color: #ff9900;\">Vous \u00eates \u00e0 la bonne adresse !<\/span><\/p>\n<p>[\/et_pb_blurb][\/et_pb_column][et_pb_column type=&#8221;1_3&#8243; _builder_version=&#8221;4.16&#8243; custom_padding=&#8221;|||&#8221; global_colors_info=&#8221;{}&#8221; custom_padding__hover=&#8221;|||&#8221;][et_pb_blurb title=&#8221;WILLKOMMEN&#8221; url=&#8221;https:\/\/eidenbenz-translation.com\/de\/schweiz\/&#8221; admin_label=&#8221;DE&#8221; _builder_version=&#8221;4.16&#8243; header_level=&#8221;h5&#8243; header_font=&#8221;|700||on|||||&#8221; header_text_align=&#8221;center&#8221; header_text_color=&#8221;#385c7a&#8221; header_font_size=&#8221;22&#8243; header_letter_spacing=&#8221;2px&#8221; header_line_height=&#8221;1.2em&#8221; body_text_align=&#8221;center&#8221; body_text_color=&#8221;#385c7a&#8221; body_font_size=&#8221;16&#8243; body_letter_spacing=&#8221;2px&#8221; body_line_height=&#8221;1.6em&#8221; background_color=&#8221;#ffffff&#8221; text_orientation=&#8221;center&#8221; custom_margin=&#8221;20px|20px|20px|20px&#8221; custom_padding=&#8221;20px|20px|20px|20px&#8221; link_option_url=&#8221;https:\/\/eidenbenz-translation.com\/de\/schweiz\/&#8221; border_radii=&#8221;on|15px|15px|15px|15px&#8221; box_shadow_style=&#8221;preset2&#8243; box_shadow_style_image=&#8221;preset1&#8243; global_colors_info=&#8221;{}&#8221;]<\/p>\n<p style=\"text-align: center;\">Brauchen Sie Hilfe mit der \u00dcbersetzung oder mit dem Korrekturlesen Ihrer Texte?<\/p>\n<p style=\"text-align: center;\"><span style=\"color: #ff9900;\">Dann sind Sie hier richtig!<\/span><\/p>\n<p>[\/et_pb_blurb][\/et_pb_column][\/et_pb_row][\/et_pb_section][et_pb_section fb_built=&#8221;1&#8243; _builder_version=&#8221;4.16&#8243; use_background_color_gradient=&#8221;on&#8221; background_color_gradient_direction=&#8221;175deg&#8221; background_color_gradient_stops=&#8221;rgba(0,0,0,0) 86%|#fcb54b 98%&#8221; background_color_gradient_overlays_image=&#8221;on&#8221; background_color_gradient_start=&#8221;rgba(0,0,0,0)&#8221; background_color_gradient_start_position=&#8221;86%&#8221; background_color_gradient_end=&#8221;#fcb54b&#8221; background_color_gradient_end_position=&#8221;98%&#8221; top_divider_color=&#8221;#fce8c9&#8243; top_divider_height=&#8221;31px&#8221; bottom_divider_style=&#8221;mountains2&#8243; bottom_divider_color=&#8221;rgba(56,92,122,0.8)&#8221; bottom_divider_height=&#8221;46px&#8221; bottom_divider_repeat=&#8221;2x&#8221; locked=&#8221;off&#8221; global_colors_info=&#8221;{}&#8221;][et_pb_row _builder_version=&#8221;4.16&#8243; background_color=&#8221;rgba(0,0,0,0)&#8221; global_colors_info=&#8221;{}&#8221;][et_pb_column type=&#8221;4_4&#8243; _builder_version=&#8221;4.16&#8243; global_colors_info=&#8221;{}&#8221;][et_pb_blurb title=&#8221;Writing style and reading flow to the benefit of your readership&#8221; image=&#8221;https:\/\/eidenbenz-translation.com\/wordpress_d\/wp-content\/uploads\/2022\/03\/EIT_logo_CMJN_sans_texte_20220304-225&#215;300.png&#8221; alt=&#8221;Logo_no_text&#8221; icon_placement=&#8221;left&#8221; _builder_version=&#8221;4.16&#8243; header_font=&#8221;||||||||&#8221; header_text_color=&#8221;#385c7a&#8221; header_font_size=&#8221;20px&#8221; header_letter_spacing=&#8221;2px&#8221; header_line_height=&#8221;1.7em&#8221; custom_margin=&#8221;-17px||27px||false|false&#8221; locked=&#8221;off&#8221; global_colors_info=&#8221;{}&#8221;][\/et_pb_blurb][et_pb_text _builder_version=&#8221;4.16&#8243; text_text_color=&#8221;rgba(0,0,0,0)&#8221; background_color=&#8221;rgba(0,0,0,0)&#8221; global_colors_info=&#8221;{}&#8221;]ADDICTION TRANSLATION SERVICES[\/et_pb_text][\/et_pb_column][\/et_pb_row][\/et_pb_section]<\/p>\n","protected":false},"excerpt":{"rendered":"<p>Do you need help with translation or proofreading? You&#8217;ve come to the right place!Vous avez besoin d&#8217;aide pour traduire ou corriger vos textes ? Vous \u00eates \u00e0 la bonne adresse !Brauchen Sie Hilfe mit der \u00dcbersetzung oder mit dem Korrekturlesen Ihrer Texte? Dann sind Sie hier richtig!ADDICTION TRANSLATION SERVICES<\/p>\n","protected":false},"author":1,"featured_media":0,"parent":0,"menu_order":0,"comment_status":"closed","ping_status":"closed","template":"page-template-blank.php","meta":{"_et_pb_use_builder":"on","_et_pb_old_content":"","_et_gb_content_width":"","footnotes":""},"class_list":["post-1198","page","type-page","status-publish","hentry"],"_links":{"self":[{"href":"https:\/\/eidenbenz-translation.com\/en\/wp-json\/wp\/v2\/pages\/1198","targetHints":{"allow":["GET"]}}],"collection":[{"href":"https:\/\/eidenbenz-translation.com\/en\/wp-json\/wp\/v2\/pages"}],"about":[{"href":"https:\/\/eidenbenz-translation.com\/en\/wp-json\/wp\/v2\/types\/page"}],"author":[{"embeddable":true,"href":"https:\/\/eidenbenz-translation.com\/en\/wp-json\/wp\/v2\/users\/1"}],"replies":[{"embeddable":true,"href":"https:\/\/eidenbenz-translation.com\/en\/wp-json\/wp\/v2\/comments?post=1198"}],"version-history":[{"count":7,"href":"https:\/\/eidenbenz-translation.com\/en\/wp-json\/wp\/v2\/pages\/1198\/revisions"}],"predecessor-version":[{"id":8333,"href":"https:\/\/eidenbenz-translation.com\/en\/wp-json\/wp\/v2\/pages\/1198\/revisions\/8333"}],"wp:attachment":[{"href":"https:\/\/eidenbenz-translation.com\/en\/wp-json\/wp\/v2\/media?parent=1198"}],"curies":[{"name":"wp","href":"https:\/\/api.w.org\/{rel}","templated":true}]}}