{"id":649,"date":"2015-04-28T18:35:12","date_gmt":"2015-04-28T18:35:12","guid":{"rendered":"http:\/\/eidenbenz-translation.com\/wordpress_d\/?page_id=649"},"modified":"2022-03-24T15:33:42","modified_gmt":"2022-03-24T14:33:42","slug":"switzerland","status":"publish","type":"page","link":"https:\/\/eidenbenz-translation.com\/en\/switzerland\/","title":{"rendered":"WELCOME"},"content":{"rendered":"<p>[et_pb_section fb_built=&#8221;1&#8243; inner_shadow=&#8221;on&#8221; _builder_version=&#8221;3.22&#8243; use_background_color_gradient=&#8221;on&#8221; background_color_gradient_start=&#8221;#ffffff&#8221; background_color_gradient_end=&#8221;#fcb54b&#8221; background_color_gradient_direction=&#8221;175deg&#8221; background_color_gradient_start_position=&#8221;61%&#8221; background_color_gradient_end_position=&#8221;98%&#8221; background_color_gradient_overlays_image=&#8221;on&#8221; top_divider_color=&#8221;#fce8c9&#8243; top_divider_height=&#8221;31px&#8221; bottom_divider_style=&#8221;mountains2&#8243; bottom_divider_color=&#8221;rgba(56,92,122,0.8)&#8221; bottom_divider_height=&#8221;46px&#8221; bottom_divider_repeat=&#8221;2x&#8221; global_colors_info=&#8221;{}&#8221;][et_pb_row _builder_version=&#8221;3.25&#8243; background_size=&#8221;initial&#8221; background_position=&#8221;top_left&#8221; background_repeat=&#8221;repeat&#8221; global_colors_info=&#8221;{}&#8221;][et_pb_column type=&#8221;4_4&#8243; _builder_version=&#8221;3.25&#8243; custom_padding=&#8221;|||&#8221; global_colors_info=&#8221;{}&#8221; custom_padding__hover=&#8221;|||&#8221;][et_pb_text admin_label=&#8221;Bienvenue&#8221; _builder_version=&#8221;4.14.9&#8243; text_text_color=&#8221;#000000&#8243; header_text_color=&#8221;#385c7a&#8221; header_2_text_color=&#8221;#385c7a&#8221; header_2_letter_spacing=&#8221;2px&#8221; header_2_line_height=&#8221;2.3em&#8221; header_3_text_color=&#8221;#385c7a&#8221; background_size=&#8221;initial&#8221; background_position=&#8221;top_left&#8221; background_repeat=&#8221;repeat&#8221; hover_enabled=&#8221;0&#8243; global_colors_info=&#8221;{}&#8221; sticky_enabled=&#8221;0&#8243;]<\/p>\n<h2 style=\"text-align: center;\">Welcome to <em>Eidenbenz Translation<\/em><\/h2>\n<h4 style=\"text-align: center;\"><\/h4>\n<p>[\/et_pb_text][et_pb_blurb title=&#8221;Writing style and reading flow for the comfort of your readers&#8221; image=&#8221;https:\/\/eidenbenz-translation.com\/wordpress_d\/wp-content\/uploads\/2022\/03\/EIT_logo_CMJN_sans_texte_20220304-225&#215;300.png&#8221; alt=&#8221;Logo_no_text&#8221; icon_placement=&#8221;left&#8221; _builder_version=&#8221;4.14.9&#8243; header_font=&#8221;||||||||&#8221; header_text_align=&#8221;left&#8221; header_text_color=&#8221;#385c7a&#8221; header_font_size=&#8221;20px&#8221; header_letter_spacing=&#8221;2px&#8221; header_line_height=&#8221;1.7em&#8221; custom_margin=&#8221;-4px||0px||false|false&#8221; locked=&#8221;off&#8221; global_colors_info=&#8221;{}&#8221;][\/et_pb_blurb][et_pb_testimonial author=&#8221;Charlotte Eidenbenz&#8221; job_title=&#8221;Translator&#8221; url_new_window=&#8221;on&#8221; portrait_url=&#8221;https:\/\/eidenbenz-translation.com\/wordpress_d\/wp-content\/uploads\/2015\/07\/Charlotte_Eidenbenz_IMG_1123-copie-e1429797121196-287&#215;300-287&#215;300.jpg&#8221; quote_icon=&#8221;off&#8221; portrait_height=&#8221;99&#8243; admin_label=&#8221;Charlotte&#8221; _builder_version=&#8221;4.14.9&#8243; body_font=&#8221;Bitter||||||||&#8221; body_text_align=&#8221;left&#8221; author_letter_spacing=&#8221;3px&#8221; author_line_height=&#8221;2.5em&#8221; position_letter_spacing=&#8221;2px&#8221; use_background_color=&#8221;off&#8221; link_option_url=&#8221;https:\/\/www.linkedin.com\/in\/ceidenbenz\/&#8221; link_option_url_new_window=&#8221;on&#8221; global_colors_info=&#8221;{}&#8221;][\/et_pb_testimonial][et_pb_text admin_label=&#8221;Lever du jour (row)&#8221; _builder_version=&#8221;3.27.4&#8243; global_colors_info=&#8221;{}&#8221;][\/et_pb_text][\/et_pb_column][\/et_pb_row][\/et_pb_section][et_pb_section fb_built=&#8221;1&#8243; inner_shadow=&#8221;on&#8221; _builder_version=&#8221;3.22&#8243; use_background_color_gradient=&#8221;on&#8221; background_color_gradient_start=&#8221;#385c7a&#8221; background_color_gradient_end=&#8221;rgba(56,92,122,0.55)&#8221; box_shadow_style=&#8221;preset3&#8243; global_colors_info=&#8221;{}&#8221;][et_pb_row _builder_version=&#8221;3.25&#8243; background_size=&#8221;initial&#8221; background_position=&#8221;top_left&#8221; background_repeat=&#8221;repeat&#8221; global_colors_info=&#8221;{}&#8221;][et_pb_column type=&#8221;4_4&#8243; _builder_version=&#8221;3.25&#8243; custom_padding=&#8221;|||&#8221; global_colors_info=&#8221;{}&#8221; custom_padding__hover=&#8221;|||&#8221;][et_pb_text admin_label=&#8221;VALEURS&#8221; _builder_version=&#8221;3.27.4&#8243; text_text_color=&#8221;#ffffff&#8221; header_text_align=&#8221;center&#8221; header_text_color=&#8221;#385c7a&#8221; header_2_text_color=&#8221;#ffffff&#8221; header_3_text_color=&#8221;#385c7a&#8221; background_size=&#8221;initial&#8221; background_position=&#8221;top_left&#8221; background_repeat=&#8221;repeat&#8221; text_orientation=&#8221;center&#8221; background_layout=&#8221;dark&#8221; global_colors_info=&#8221;{}&#8221;]<\/p>\n<h2 style=\"text-align: center;\">MY VALUES<\/h2>\n<p>[\/et_pb_text][\/et_pb_column][\/et_pb_row][\/et_pb_section][et_pb_section fb_built=&#8221;1&#8243; inner_shadow=&#8221;on&#8221; admin_label=&#8221;section&#8221; _builder_version=&#8221;3.22&#8243; top_divider_color=&#8221;rgba(56,92,122,0.56)&#8221; top_divider_height=&#8221;41px&#8221; bottom_divider_style=&#8221;mountains2&#8243; bottom_divider_color=&#8221;rgba(252,232,201,0.38)&#8221; bottom_divider_height=&#8221;496px&#8221; bottom_divider_repeat=&#8221;2x&#8221; bottom_divider_flip=&#8221;horizontal&#8221; global_colors_info=&#8221;{}&#8221;][et_pb_row _builder_version=&#8221;3.25&#8243; background_size=&#8221;initial&#8221; background_position=&#8221;top_left&#8221; background_repeat=&#8221;repeat&#8221; global_colors_info=&#8221;{}&#8221;][et_pb_column type=&#8221;4_4&#8243; _builder_version=&#8221;3.25&#8243; custom_padding=&#8221;|||&#8221; global_colors_info=&#8221;{}&#8221; custom_padding__hover=&#8221;|||&#8221;][et_pb_blurb title=&#8221;Your satisfaction is paramount&#8221; use_icon=&#8221;on&#8221; font_icon=&#8221;&#x4e;||divi||400&#8243; icon_color=&#8221;#fcae3a&#8221; icon_placement=&#8221;left&#8221; admin_label=&#8221;Satisfaction&#8221; _builder_version=&#8221;4.14.9&#8243; header_level=&#8221;h3&#8243; header_font=&#8221;||||||||&#8221; header_text_align=&#8221;justify&#8221; header_text_color=&#8221;#385c7a&#8221; header_font_size=&#8221;22&#8243; header_letter_spacing=&#8221;2px&#8221; header_line_height=&#8221;2em&#8221; body_font=&#8221;Bitter||||||||&#8221; body_text_color=&#8221;#385c7a&#8221; body_letter_spacing=&#8221;2px&#8221; background_size=&#8221;initial&#8221; background_position=&#8221;top_left&#8221; background_repeat=&#8221;repeat&#8221; text_orientation=&#8221;justified&#8221; max_width_tablet=&#8221;50px&#8221; animation=&#8221;off&#8221; inline_fonts=&#8221;Lato,Bitter&#8221; global_colors_info=&#8221;{}&#8221;]Each client project is unique and I will work with you to ensure all your needs are met.[\/et_pb_blurb][et_pb_blurb title=&#8221;Highlighting your professionalism&#8221; use_icon=&#8221;on&#8221; font_icon=&#8221;&#xe0fc;||divi||400&#8243; icon_color=&#8221;#fcae3a&#8221; icon_placement=&#8221;left&#8221; admin_label=&#8221;Votre professionnalisme&#8221; _builder_version=&#8221;4.14.9&#8243; header_level=&#8221;h3&#8243; header_font=&#8221;||||||||&#8221; header_text_align=&#8221;left&#8221; header_text_color=&#8221;#385c7a&#8221; header_font_size=&#8221;22&#8243; header_letter_spacing=&#8221;2px&#8221; header_line_height=&#8221;2em&#8221; body_font=&#8221;Bitter||||||||&#8221; body_text_color=&#8221;#385c7a&#8221; body_letter_spacing=&#8221;2px&#8221; background_size=&#8221;initial&#8221; background_position=&#8221;top_left&#8221; background_repeat=&#8221;repeat&#8221; text_orientation=&#8221;justified&#8221; animation=&#8221;off&#8221; inline_fonts=&#8221;Bitter&#8221; global_colors_info=&#8221;{}&#8221;]Your professionalism is demonstrated in your text and I will ensure that this is reflected in the translation I produce.<\/p>\n<p>To do so, I always consider the cultural and linguistic subtleties of the source language. I always strive to keep the original meaning, the organization of the information, the style and tone, as well as the language \u2013 which can sometimes be very technical. If necessary, I do not hesitate to get in touch with the authors to make sure I understand their intentions correctly.[\/et_pb_blurb][et_pb_blurb title=&#8221;Dedicated to you&#8221; use_icon=&#8221;on&#8221; font_icon=&#8221;&#x77;||divi||400&#8243; icon_color=&#8221;#fcae3a&#8221; icon_placement=&#8221;left&#8221; admin_label=&#8221;Votre interlocutrice attitr\u00e9e&#8221; _builder_version=&#8221;4.13.0&#8243; header_level=&#8221;h3&#8243; header_font=&#8221;||||||||&#8221; header_text_align=&#8221;justify&#8221; header_text_color=&#8221;#385c7a&#8221; header_font_size=&#8221;22&#8243; header_letter_spacing=&#8221;2px&#8221; header_line_height=&#8221;2em&#8221; body_font=&#8221;Bitter||||||||&#8221; body_text_color=&#8221;#385c7a&#8221; body_letter_spacing=&#8221;2px&#8221; background_size=&#8221;initial&#8221; background_position=&#8221;top_left&#8221; background_repeat=&#8221;repeat&#8221; text_orientation=&#8221;justified&#8221; animation=&#8221;off&#8221; inline_fonts=&#8221;Bitter&#8221; global_colors_info=&#8221;{}&#8221;]I am your dedicated contact throughout the collaboration. You will always know who you are dealing with, and can rely on the unwavering quality of my services from one project to the next.[\/et_pb_blurb][et_pb_blurb title=&#8221;Engaging confidence&#8221; use_icon=&#8221;on&#8221; font_icon=&#8221;&#x6c;||divi||400&#8243; icon_color=&#8221;#fcae3a&#8221; icon_placement=&#8221;left&#8221; admin_label=&#8221;Confiance&#8221; _builder_version=&#8221;4.13.0&#8243; header_level=&#8221;h3&#8243; header_font=&#8221;||||||||&#8221; header_text_align=&#8221;justify&#8221; header_text_color=&#8221;#385c7a&#8221; header_font_size=&#8221;22&#8243; header_letter_spacing=&#8221;2px&#8221; header_line_height=&#8221;2em&#8221; body_font=&#8221;Bitter||||||||&#8221; body_text_color=&#8221;#385c7a&#8221; body_letter_spacing=&#8221;2px&#8221; background_size=&#8221;initial&#8221; background_position=&#8221;top_left&#8221; background_repeat=&#8221;repeat&#8221; text_orientation=&#8221;justified&#8221; animation=&#8221;off&#8221; global_colors_info=&#8221;{}&#8221;]La confiance que nous nous accordons mutuellement est le fondement de notre collaboration. Si vous souhaitez juger par vous-m\u00eame de la qualit\u00e9 de mes prestations, j\u2019accepte d\u2019effectuer une courte \u00e9preuve de traduction ou de correction d\u2019un texte sur demande.<br \/>\n[\/et_pb_blurb][\/et_pb_column][\/et_pb_row][\/et_pb_section][et_pb_section fb_built=&#8221;1&#8243; inner_shadow=&#8221;on&#8221; _builder_version=&#8221;3.22&#8243; use_background_color_gradient=&#8221;on&#8221; background_color_gradient_start=&#8221;#ffffff&#8221; background_color_gradient_end=&#8221;#fcb54b&#8221; background_color_gradient_direction=&#8221;175deg&#8221; background_color_gradient_start_position=&#8221;82%&#8221; background_color_gradient_overlays_image=&#8221;on&#8221; top_divider_style=&#8221;curve&#8221; top_divider_color=&#8221;rgba(252,232,201,0.38)&#8221; top_divider_height=&#8221;89px&#8221; bottom_divider_style=&#8221;mountains2&#8243; bottom_divider_color=&#8221;rgba(56,92,122,0.8)&#8221; bottom_divider_height=&#8221;46px&#8221; bottom_divider_repeat=&#8221;2x&#8221; global_colors_info=&#8221;{}&#8221;][et_pb_row _builder_version=&#8221;3.25&#8243; background_size=&#8221;initial&#8221; background_position=&#8221;top_left&#8221; background_repeat=&#8221;repeat&#8221; global_colors_info=&#8221;{}&#8221;][et_pb_column type=&#8221;4_4&#8243; _builder_version=&#8221;3.25&#8243; custom_padding=&#8221;|||&#8221; global_colors_info=&#8221;{}&#8221; custom_padding__hover=&#8221;|||&#8221;][et_pb_divider color=&#8221;rgba(255,255,255,0.38)&#8221; _builder_version=&#8221;3.17.2&#8243; global_colors_info=&#8221;{}&#8221;][\/et_pb_divider][et_pb_blurb title=&#8221;Helping you down to the last word&#8221; use_icon=&#8221;on&#8221; font_icon=&#8221;&#xe08b;||divi||400&#8243; icon_color=&#8221;#fcae3a&#8221; image_icon_width=&#8221;79px&#8221; admin_label=&#8221;\u00c0 vos c\u00f4t\u00e9s&#8221; _builder_version=&#8221;4.14.9&#8243; header_level=&#8221;h3&#8243; header_text_align=&#8221;center&#8221; header_text_color=&#8221;#385c7a&#8221; header_line_height=&#8221;2em&#8221; body_text_color=&#8221;#385c7a&#8221; body_letter_spacing=&#8221;2px&#8221; background_size=&#8221;initial&#8221; background_position=&#8221;top_left&#8221; background_repeat=&#8221;repeat&#8221; text_orientation=&#8221;center&#8221; max_width_tablet=&#8221;50px&#8221; animation=&#8221;off&#8221; icon_font_size=&#8221;79px&#8221; global_colors_info=&#8221;{}&#8221;]Mutual trust and confidence is the foundation of any good collaboration. If you would like to see the quality of my services, I would be more than happy to take a short translation or proofreading test upon request.[\/et_pb_blurb][et_pb_cta button_url=&#8221;https:\/\/eidenbenz-translation.com\/en\/services\/&#8221; button_text=&#8221;My translation services&#8221; admin_label=&#8221;Services&#8221; _builder_version=&#8221;4.14.9&#8243; header_level=&#8221;h6&#8243; header_text_color=&#8221;#385c7a&#8221; header_letter_spacing=&#8221;2px&#8221; body_letter_spacing=&#8221;2px&#8221; use_background_color=&#8221;off&#8221; background_size=&#8221;initial&#8221; background_position=&#8221;top_left&#8221; background_repeat=&#8221;repeat&#8221; background_layout=&#8221;light&#8221; hover_enabled=&#8221;0&#8243; use_border_color=&#8221;off&#8221; global_colors_info=&#8221;{}&#8221; button_text_size__hover_enabled=&#8221;off&#8221; button_text_size__hover=&#8221;null&#8221; button_one_text_size__hover_enabled=&#8221;off&#8221; button_one_text_size__hover=&#8221;null&#8221; button_two_text_size__hover_enabled=&#8221;off&#8221; button_two_text_size__hover=&#8221;null&#8221; button_text_color__hover_enabled=&#8221;off&#8221; button_text_color__hover=&#8221;null&#8221; button_one_text_color__hover_enabled=&#8221;off&#8221; button_one_text_color__hover=&#8221;null&#8221; button_two_text_color__hover_enabled=&#8221;off&#8221; button_two_text_color__hover=&#8221;null&#8221; button_border_width__hover_enabled=&#8221;off&#8221; button_border_width__hover=&#8221;null&#8221; button_one_border_width__hover_enabled=&#8221;off&#8221; button_one_border_width__hover=&#8221;null&#8221; button_two_border_width__hover_enabled=&#8221;off&#8221; button_two_border_width__hover=&#8221;null&#8221; button_border_color__hover_enabled=&#8221;off&#8221; button_border_color__hover=&#8221;null&#8221; button_one_border_color__hover_enabled=&#8221;off&#8221; button_one_border_color__hover=&#8221;null&#8221; button_two_border_color__hover_enabled=&#8221;off&#8221; button_two_border_color__hover=&#8221;null&#8221; button_border_radius__hover_enabled=&#8221;off&#8221; button_border_radius__hover=&#8221;null&#8221; button_one_border_radius__hover_enabled=&#8221;off&#8221; button_one_border_radius__hover=&#8221;null&#8221; button_two_border_radius__hover_enabled=&#8221;off&#8221; button_two_border_radius__hover=&#8221;null&#8221; button_letter_spacing__hover_enabled=&#8221;on&#8221; button_letter_spacing__hover=&#8221;0&#8243; button_one_letter_spacing__hover_enabled=&#8221;off&#8221; button_one_letter_spacing__hover=&#8221;null&#8221; button_two_letter_spacing__hover_enabled=&#8221;off&#8221; button_two_letter_spacing__hover=&#8221;null&#8221; button_bg_color__hover_enabled=&#8221;off&#8221; button_bg_color__hover=&#8221;null&#8221; button_one_bg_color__hover_enabled=&#8221;off&#8221; button_one_bg_color__hover=&#8221;null&#8221; button_two_bg_color__hover_enabled=&#8221;off&#8221; button_two_bg_color__hover=&#8221;null&#8221; sticky_enabled=&#8221;0&#8243;][\/et_pb_cta][et_pb_divider color=&#8221;rgba(255,255,255,0.38)&#8221; _builder_version=&#8221;3.17.2&#8243; global_colors_info=&#8221;{}&#8221;][\/et_pb_divider][\/et_pb_column][\/et_pb_row][\/et_pb_section][et_pb_section fb_built=&#8221;1&#8243; inner_shadow=&#8221;on&#8221; _builder_version=&#8221;3.22&#8243; use_background_color_gradient=&#8221;on&#8221; background_color_gradient_start=&#8221;#385c7a&#8221; background_color_gradient_end=&#8221;rgba(56,92,122,0.55)&#8221; box_shadow_style=&#8221;preset3&#8243; global_colors_info=&#8221;{}&#8221;][et_pb_row _builder_version=&#8221;3.25&#8243; background_size=&#8221;initial&#8221; background_position=&#8221;top_left&#8221; background_repeat=&#8221;repeat&#8221; global_colors_info=&#8221;{}&#8221;][et_pb_column type=&#8221;4_4&#8243; _builder_version=&#8221;3.25&#8243; custom_padding=&#8221;|||&#8221; global_colors_info=&#8221;{}&#8221; custom_padding__hover=&#8221;|||&#8221;][et_pb_cta title=&#8221;What my clients say&#8221; button_url=&#8221;https:\/\/eidenbenz-translation.com\/en\/testimonials\/&#8221; button_text=&#8221;WHAT MY CLIENTS SAY&#8221; admin_label=&#8221;T\u00e9moignages de mes clients&#8221; _builder_version=&#8221;4.14.9&#8243; header_letter_spacing=&#8221;2px&#8221; use_background_color=&#8221;off&#8221; custom_button=&#8221;on&#8221; button_text_color=&#8221;#fcddae&#8221; button_on_hover=&#8221;off&#8221; hover_enabled=&#8221;0&#8243; global_colors_info=&#8221;{}&#8221; sticky_enabled=&#8221;0&#8243;][\/et_pb_cta][\/et_pb_column][\/et_pb_row][\/et_pb_section]<\/p>\n","protected":false},"excerpt":{"rendered":"<p>Welcome to Eidenbenz Translation MY VALUES Each client project is unique and I will work with you to ensure all your needs are met.Your professionalism is demonstrated in your text and I will ensure that this is reflected in the translation I produce. To do so, I always consider the cultural and linguistic subtleties of [&hellip;]<\/p>\n","protected":false},"author":1,"featured_media":0,"parent":0,"menu_order":0,"comment_status":"closed","ping_status":"closed","template":"","meta":{"_et_pb_use_builder":"on","_et_pb_old_content":"","_et_gb_content_width":"","footnotes":""},"class_list":["post-649","page","type-page","status-publish","hentry"],"_links":{"self":[{"href":"https:\/\/eidenbenz-translation.com\/en\/wp-json\/wp\/v2\/pages\/649","targetHints":{"allow":["GET"]}}],"collection":[{"href":"https:\/\/eidenbenz-translation.com\/en\/wp-json\/wp\/v2\/pages"}],"about":[{"href":"https:\/\/eidenbenz-translation.com\/en\/wp-json\/wp\/v2\/types\/page"}],"author":[{"embeddable":true,"href":"https:\/\/eidenbenz-translation.com\/en\/wp-json\/wp\/v2\/users\/1"}],"replies":[{"embeddable":true,"href":"https:\/\/eidenbenz-translation.com\/en\/wp-json\/wp\/v2\/comments?post=649"}],"version-history":[{"count":7,"href":"https:\/\/eidenbenz-translation.com\/en\/wp-json\/wp\/v2\/pages\/649\/revisions"}],"predecessor-version":[{"id":8044,"href":"https:\/\/eidenbenz-translation.com\/en\/wp-json\/wp\/v2\/pages\/649\/revisions\/8044"}],"wp:attachment":[{"href":"https:\/\/eidenbenz-translation.com\/en\/wp-json\/wp\/v2\/media?parent=649"}],"curies":[{"name":"wp","href":"https:\/\/api.w.org\/{rel}","templated":true}]}}